{"id":7437,"date":"2025-07-18T11:49:26","date_gmt":"2025-07-18T09:49:26","guid":{"rendered":"https:\/\/botproject.cat\/?page_id=7437"},"modified":"2025-07-21T14:43:41","modified_gmt":"2025-07-21T12:43:41","slug":"accesibilidad","status":"publish","type":"page","link":"https:\/\/botproject.cat\/es\/accesibilidad\/","title":{"rendered":"Declaraci\u00f3n de accesibilidad"},"content":{"rendered":"<h2><strong style=\"font-size: 16px;\">INTRODUCCIO\u0301N<\/strong><\/h2>\n<div class=\"page\" title=\"Page 5\">\n<div class=\"layoutArea\">\n<div class=\"column\">\n<p>BOTPROJECT se ha comprometido a hacer accesibles sus sitios web de conformidad con el <a title=\"Web del Bolet\u00edn Oficial del Estado : Abre nueva ventana\" role=\"link\" href=\"https:\/\/www.boe.es\/buscar\/act.php?id=BOE-A-2018-12699\" target=\"_blank\" rel=\"noopener nofollow\">Real Decreto 1112\/2018, de 7 de septiembre<img decoding=\"async\" class=\"Technositepopup lazyloaded\" src=\"https:\/\/www.hacienda.gob.es\/Style%20Library\/MINHAC.SP.Portal\/img\/popup.gif\" alt=\"Abre nueva ventana\" data-ll-status=\"loaded\" \/><\/a>, sobre accesibilidad de los sitios web y aplicaciones para dispositivos m\u00f3viles del sector p\u00fablico (en adelante, Real Decreto 1112\/2018, de 7 de septiembre).<\/p>\n<p>La presente declaraci\u00f3n de accesibilidad se aplica al sitio web https:\/\/botproject.cat\/.<\/p>\n<p><strong>Situaci\u00f3n de cumplimiento<\/strong><\/p>\n<p>Este sitio web es\u00a0<strong>parcialmente conforme<\/strong>\u00a0con el Real Decreto 1112\/2018, de 7 de septiembre, debido a la falta de conformidad de los aspectos que se indican a continuaci\u00f3n.<\/p>\n<p><strong>Contenido no accesible<\/strong><\/p>\n<p>El contenido que se recoge a continuaci\u00f3n no es accesible por lo siguiente:<\/p>\n<ol>\n<li><strong>Falta de conformidad con el Real Decreto 1112\/2018, de 7 de septiembre<\/strong>: podr\u00edan existir fallos puntuales de edici\u00f3n en alguna p\u00e1gina web, tanto en contenidos HTML como en documentos finales, publicados en fecha posterior al 20 de septiembre de 2018 (fecha de entrada en vigor del Real Decreto 1112\/2018, de 7 de septiembre). Concretamente puede haber errores en aquellos documentos que contienen gr\u00e1ficos, tablas complejas o en aquellos firmados electr\u00f3nicamente antes de su revisi\u00f3n de accesibilidad.<\/li>\n<li><strong>Carga desproporcionada<\/strong>: no aplica.<\/li>\n<li>El contenido\u00a0<strong>no entra dentro del \u00e1mbito de la legislaci\u00f3n\u00a0<\/strong>aplicable: Existen archivos ofim\u00e1ticos en PDF u otros formatos publicados antes del 20 de septiembre de 2018 que no cumplen en su totalidad todos los requisitos de accesibilidad; tambi\u00e9n pueden estar en esa situaci\u00f3n contenidos de terceros no financiados, ni desarrollados, ni bajo el control de este Ministerio.<\/li>\n<\/ol>\n<p><strong>Preparaci\u00f3n de la presente declaraci\u00f3n de accesibilidad<\/strong><\/p>\n<p>La presente declaraci\u00f3n fue preparada el 18 de julio de 2025.<\/p>\n<p>El m\u00e9todo empleado para preparar la declaraci\u00f3n ha sido una autoevaluaci\u00f3n llevada a cabo por BOTPROJECT.<\/p>\n<p>\u00daltima revisi\u00f3n de la declaraci\u00f3n: 18 de julio de 2025.<\/p>\n<p><strong>Observaciones y datos de contacto<\/strong><\/p>\n<p>Puede realizar comunicaciones sobre requisitos de accesibilidad (art\u00edculo 10.2.a) del Real Decreto 1112\/2018, de 7 de septiembre) como, por ejemplo:<\/p>\n<ul>\n<li>Informar sobre cualquier posible incumplimiento por parte de este sitio web.<\/li>\n<li>Transmitir otras dificultades de acceso al contenido.<\/li>\n<li>Formular cualquier otra consulta o sugerencia de mejora relativa a la accesibilidad del sitio web.<\/li>\n<\/ul>\n<p>A trav\u00e9s de las siguientes v\u00edas:<\/p>\n<ul>\n<li>Correo electr\u00f3nico:\u00a0<a title=\"Acceso a buz\u00f3n de correo electr\u00f3nico : Abre nueva ventana\" role=\"link\" href=\"mailto:accesibilidadweb@hacienda.gob.es\" target=\"_blank\" rel=\"noopener\">accesibilidadweb@hacienda.gob.es<img decoding=\"async\" class=\"Technositepopup lazyloaded\" src=\"https:\/\/www.hacienda.gob.es\/Style%20Library\/MINHAC.SP.Portal\/img\/popup.gif\" alt=\"Abre nueva ventana\" data-ll-status=\"loaded\" \/><\/a><\/li>\n<li>Tel\u00e9fonos: 900 567 765 \u2013\u00a091 595\u00a080 00<\/li>\n<\/ul>\n<p>Las comunicaciones ser\u00e1n recibidas y tratadas por la Subdirecci\u00f3n General de Servicios Web, Transparencia y Protecci\u00f3n de Datos (Secretar\u00eda General T\u00e9cnica), como unidad responsable de los contenidos de este sitio web.<\/p>\n<p>Tambi\u00e9n puede solicitar en formato accesible informaci\u00f3n que no cumpla con los requisitos de accesibilidad bien por estar excluida, bien por estar exenta por carga desproporcionada; o formular una queja por incumplimiento de los requisitos de accesibilidad.<\/p>\n<p><strong>Procedimiento de aplicaci\u00f3n<\/strong><\/p>\n<p>A trav\u00e9s de este procedimiento podr\u00e1 iniciar una reclamaci\u00f3n para conocer y oponerse a los motivos de la desestimaci\u00f3n de una solicitud de informaci\u00f3n accesible o queja, instar la adopci\u00f3n de las medidas oportunas en el caso de no estar de acuerdo con la decisi\u00f3n adoptada, o exponer las razones por las que se considera que la respuesta no cumple con los requisitos exigidos.<\/p>\n<p><strong>Contenido opcional<\/strong><\/p>\n<p>Entre otras se adoptan las siguientes medidas para facilitar la accesibilidad:<\/p>\n<ul>\n<li>Utilizaci\u00f3n de texto alternativo en las im\u00e1genes<\/li>\n<li>Los enlaces ofrecen detalles de la funci\u00f3n o destino del hiperv\u00ednculo<\/li>\n<li>Uso de los est\u00e1ndares del W3C: XHTML 1.0, CSS 3.0, WAI AA.<\/li>\n<\/ul>\n<p>Puede consultar en la p\u00e1gina de\u00a0<a role=\"link\" href=\"https:\/\/botproject.cat\/es\/avis-legal\/\" target=\"_blank\" rel=\"noopener nofollow\">Aviso legal<\/a>\u00a0para qu\u00e9 navegadores y versiones est\u00e1 optimizado este sitio web.<\/p>\n<\/div>\n<\/div>\n<\/div>","protected":false},"excerpt":{"rendered":"<p>INTRODUCCIO\u0301N BOTPROJECT se ha comprometido a hacer accesibles sus sitios web de conformidad con el Real Decreto 1112\/2018, de 7 de septiembre,&hellip;<\/p>","protected":false},"author":1,"featured_media":0,"parent":0,"menu_order":0,"comment_status":"closed","ping_status":"closed","template":"","meta":{"footnotes":""},"class_list":["post-7437","page","type-page","status-publish","hentry"],"_links":{"self":[{"href":"https:\/\/botproject.cat\/es\/wp-json\/wp\/v2\/pages\/7437","targetHints":{"allow":["GET"]}}],"collection":[{"href":"https:\/\/botproject.cat\/es\/wp-json\/wp\/v2\/pages"}],"about":[{"href":"https:\/\/botproject.cat\/es\/wp-json\/wp\/v2\/types\/page"}],"author":[{"embeddable":true,"href":"https:\/\/botproject.cat\/es\/wp-json\/wp\/v2\/users\/1"}],"replies":[{"embeddable":true,"href":"https:\/\/botproject.cat\/es\/wp-json\/wp\/v2\/comments?post=7437"}],"version-history":[{"count":4,"href":"https:\/\/botproject.cat\/es\/wp-json\/wp\/v2\/pages\/7437\/revisions"}],"predecessor-version":[{"id":7547,"href":"https:\/\/botproject.cat\/es\/wp-json\/wp\/v2\/pages\/7437\/revisions\/7547"}],"wp:attachment":[{"href":"https:\/\/botproject.cat\/es\/wp-json\/wp\/v2\/media?parent=7437"}],"curies":[{"name":"wp","href":"https:\/\/api.w.org\/{rel}","templated":true}]}}