{"id":7432,"date":"2025-07-18T11:43:01","date_gmt":"2025-07-18T09:43:01","guid":{"rendered":"https:\/\/botproject.cat\/?page_id=7432"},"modified":"2025-09-11T12:37:05","modified_gmt":"2025-09-11T10:37:05","slug":"politica-privacitat","status":"publish","type":"page","link":"https:\/\/botproject.cat\/es\/politica-privacitat\/","title":{"rendered":"POL\u00cdTICA DE PRIVACIDAD"},"content":{"rendered":"<p>Segons el que es disposa en el Reglament (UE) 2016\/679 del Parlament Europeu i del Consell, de 27 d&#8217;abril de 2016, relatiu a la protecci\u00f3 de les persones f\u00edsiques pel que fa al tractament de dades personals, pel qual es deroga la directiva 95\/46\/CE (d&#8217;ara endavant, RGPD), de la Llei 34\/2002, d&#8217;11 de juliol, de serveis de la societat de la informaci\u00f3 i de comer\u00e7 electr\u00f2nic (d&#8217;ara endavant, LSSI-CE) i de la Llei org\u00e0nica 3\/2018, de Protecci\u00f3 de Dades Personals i garantia dels drets digitals BOTPROJECT garanteix la protecci\u00f3 i confidencialitat de les dades personals, de qualsevol tipus que ens proporcionin els nostres clients, d&#8217;acord amb el que es disposa en el Reglament General de Protecci\u00f3 de Dades de Car\u00e0cter Personal.<\/p>\n<p>La Pol\u00edtica de Protecci\u00f3 de Dades de BOTPROJECT descansa en el principi de responsabilitat proactiva, segons el qual el Responsable del tractament \u00e9s responsable del compliment del marc normatiu i jurisprudencial, sent capa\u00e7 de demostrar-lo davant les autoritats de control corresponents.<\/p>\n<p>Les dades facilitades seran tractats en els termes establerts en el RGPD, en aquest sentit BOTPROJECT ha adoptat els nivells de protecci\u00f3 que legalment s&#8217;exigeixen, i ha instal\u00b7lat totes les mesures t\u00e8cniques al seu abast per a evitar la p\u00e8rdua, mal \u00fas, alteraci\u00f3, acc\u00e9s no autoritzat per tercers, exposats a continuaci\u00f3. No obstant aix\u00f2, l&#8217;usuari ha de ser conscient que les mesures de seguretat en Internet no s\u00f3n inexpugnables.<\/p>\n<p><strong>Responsable del tractament: Qui som?<\/strong><\/p>\n<p>Denominaci\u00f3: *BOTPROJECT\u00a0(D&#8217;ara endavant\u00a0EL RESPONSABLE DEL TRACTAMENT)<\/p>\n<p>NIF:<\/p>\n<p>Adre\u00e7a:\u00a0 (D&#8217;ara endavant\u00a0ADRE\u00c7A DEL RESPONSABLE DEL TRACTAMENT)<\/p>\n<p>Tel\u00e8fon: +34 606 50 81 00<\/p>\n<p>Correu electr\u00f2nic: botproject@hotmail.com<\/p>\n<p><strong>Finalitat del tractament:<\/strong><br \/>\nPer a qu\u00e8 usarem les seves dades?\u00a0\u00a0\u00a0Totes les dades facilitades pels nostres clients i\/o visitants en la web del\u00a0RESPONSABLE DEL TRACTAMENT\u00a0o al seu personal, seran inclosos en registre d&#8217;activitats de tractament de dades de car\u00e0cter personal, creat i mantingut sota la responsabilitat del\u00a0RESPONSABLE\u00a0 DEL TRACTAMENT, imprescindibles per a prestar els serveis sol\u00b7licitats pels usuaris, o per a resoldre els dubtes o q\u00fcestions plantejades pels nostres visitants. La nostra pol\u00edtica \u00e9s no elaborar perfils sobre els usuaris dels nostres serveis.<\/p>\n<p><strong>Legitimitat del tractament: Per qu\u00e8 necessitem les seves dades?<\/strong><\/p>\n<p>Relaci\u00f3 contractual: \u00c9s la que aplica quan compra un dels nostres productes o contracta algun dels nostres serveis.<br \/>\nInter\u00e8s leg\u00edtim: Per a atendre les consultes i reclamacions que ens plantegi i per a gestionar el cobrament de les quantitats degudes.<br \/>\nEl seu consentiment: Si \u00e9s usuari de la nostra web, mitjan\u00e7ant la marcaci\u00f3 de la casella que figura en el formulari de contacte, ens autoritza al fet que li remetem les comunicacions necess\u00e0ries per a donar resposta a la consulta o sol\u00b7licitud d&#8217;informaci\u00f3 plantejada.<\/p>\n<p><strong>Destinataris:<\/strong><br \/>\nAmb qui compartim les seves dades?\u00a0\u00a0\u00a0No cedim les seves dades personals a ning\u00fa, a excepci\u00f3 d&#8217;aquelles entitats p\u00fabliques o privades a les quals estiguem obligats a facilitar les seves dades personals amb motiu del compliment d&#8217;alguna llei. Per posar un exemple, la Llei Tribut\u00e0ria obliga a facilitar a l&#8217;Ag\u00e8ncia Tribut\u00e0ria determinada informaci\u00f3 sobre operacions econ\u00f2miques que superin una determinada quantitat.\u00a0\u00a0\u00a0En el cas que, al marge dels sup\u00f2sits comentats, necessitem donar a con\u00e8ixer la seva informaci\u00f3 personal a altres entitats, li sol\u00b7licitarem pr\u00e8viament el seu perm\u00eds a trav\u00e9s d&#8217;opcions clares que li permetran decidir referent a aix\u00f2.<\/p>\n<p><strong>Comunicaci\u00f3:<\/strong><br \/>\nOn podr\u00edem enviar les teves dades?\u00a0\u00a0\u00a0No realitzarem transfer\u00e8ncies internacionals de les seves dades personals per a cap de les finalitats indicades.<\/p>\n<p><strong>Conservaci\u00f3:<\/strong><br \/>\nQuant temps mantindrem les teves dades?\u00a0\u00a0\u00a0Nom\u00e9s conservarem les seves dades personals durant el temps que resulti necessari per a aconseguir els fins per als quals van ser recaptats. A l&#8217;hora de determinar l&#8217;oport\u00fa per\u00edode de conservaci\u00f3, examinem els riscos que comporta el tractament, aix\u00ed com les nostres obligacions contractuals, legals i normatives, les pol\u00edtiques internes de conservaci\u00f3 de dades i els nostres interessos de negoci leg\u00edtims descrits en el present Av\u00eds de Privacitat i Pol\u00edtica de Cookies.\u00a0\u00a0\u00a0En aquest sentit,\u00a0EL\u00a0RESPONSABLE DEL TRACTAMENT\u00a0conservar\u00e0 les dades personals una vegada acabada la seva relaci\u00f3 amb Vost\u00e8, degudament bloquejats, durant el termini de prescripci\u00f3 de les accions que poguessin derivar-se de la relaci\u00f3 mantinguda amb l&#8217;interessat.\u00a0\u00a0\u00a0Una vegada bloquejats, les seves dades resultaran inaccessibles per al\u00a0RESPONSABLE\u00a0 DEL TRACTAMENT, i no seran tractats excepte per a la seva posada a disposici\u00f3 a les Administracions p\u00fabliques, Jutges i Tribunals, per a l&#8217;atenci\u00f3 de les possibles responsabilitats nascudes dels tractaments, aix\u00ed com per a l&#8217;exercici i defensa de reclamacions davant l&#8217;Ag\u00e8ncia Espanyola de Protecci\u00f3 de Dades.<\/p>\n<p><strong>Seguretat:<\/strong><br \/>\nCom protegirem les seves dades?\u00a0\u00a0\u00a0Emprem tots els esfor\u00e7os raonables per a mantenir la confidencialitat de la informaci\u00f3 personal que es tracti en els nostres sistemes. Mantenim estrictes nivells de seguretat per a protegir les dades de car\u00e0cter personal que processem enfront de p\u00e8rdues fortu\u00eftes i a accessos, tractaments o revelacions no autoritzats, tenint en compte de l&#8217;estat de la tecnologia, la naturalesa i els riscos al fet que estan exposats les dades. No obstant aix\u00f2, no podem responsabilitzar-nos de l&#8217;\u00fas que Vost\u00e8 faci de les dades (incl\u00f2s usuari i contrasenya) que utilitzi en la nostra web. El nostre personal segueix estrictes normes de privacitat i en el cas que contractem tercers per a prestar serveis de suport, els exigim que acatin les mateixes normes i ens permetin auditar-los per a verificar el seu compliment.<\/p>\n<p><strong>Els seus drets:<\/strong><br \/>\nQuins drets pot exercir com a interessat?\u00a0\u00a0\u00a0L&#8217;informem que podr\u00e0 exercir els seg\u00fcents drets:<\/p>\n<p>Dret d&#8217;acc\u00e9s a les seves dades personals, per a saber quins estan sent objecte de tractament i les operacions de tractament dutes a terme amb ells;<br \/>\nDret de rectificaci\u00f3 de qualsevol dada personal inexacta;<br \/>\nDret de supressi\u00f3 de les seves dades personals, quan aix\u00f2 sigui possible (per exemple, per imperatiu legal);<br \/>\nDret de limitaci\u00f3 del tractament de les seves dades personals quan l&#8217;exactitud, la legalitat o la necessitat del tractament de les dades resulti dubtosa, i en aquest cas, podrem conservar-los per a l&#8217;exercici o la defensa de reclamacions.<br \/>\nDret d&#8217;oposici\u00f3 al tractament de les seves dades personals, quan la base legal que ens habiliti per al seu tractament de les indicades sigui el nostre inter\u00e8s leg\u00edtim.\u00a0LA\u00a0RESPONSABLE DEL TRACTAMENT\u00a0deixar\u00e0 de tractar les teves dades tret que tingui un inter\u00e8s leg\u00edtim o sigui necessari per a la defensa de reclamacions.<br \/>\nDret a la portabilitat de les seves dades, quan la base legal que ens habiliti per al seu tractament sigui l&#8217;exist\u00e8ncia d&#8217;una relaci\u00f3 contractual o el seu consentiment.<br \/>\nDret a revocar el consentiment atorgat al\u00a0RESPONSABLE\u00a0 DEL TRACTAMENT<\/p>\n<p>Per a exercitar els seus drets, pot fer-ho de manera gratu\u00efta i en qualsevol moment, contactant amb nosaltres en la\u00a0DIRECCI\u00d3 DEL RESPONSABLE DEL TRACTAMENT, adjuntant c\u00f2pia del seu DNI.<\/p>\n<p>Tutela de drets:<\/p>\n<p>En cas que entengui que els seus drets han estat desatesos per la nostra entitat, pot formular una reclamaci\u00f3 en l&#8217;Ag\u00e8ncia Espanyola de Protecci\u00f3 de Dades.<\/p>\n<p>EL RESPONSABLE DEL TRACTAMENT\u00a0es reserva el dret a modificar la present pol\u00edtica per a adaptar-la a novetats legislatives o jurisprudencials que puguin afectar el compliment d&#8217;aquesta.<\/p>","protected":false},"excerpt":{"rendered":"<p>Segons el que es disposa en el Reglament (UE) 2016\/679 del Parlament Europeu i del Consell, de 27 d&#8217;abril de 2016, relatiu&hellip;<\/p>","protected":false},"author":1,"featured_media":0,"parent":0,"menu_order":0,"comment_status":"closed","ping_status":"closed","template":"","meta":{"footnotes":""},"class_list":["post-7432","page","type-page","status-publish","hentry"],"_links":{"self":[{"href":"https:\/\/botproject.cat\/es\/wp-json\/wp\/v2\/pages\/7432","targetHints":{"allow":["GET"]}}],"collection":[{"href":"https:\/\/botproject.cat\/es\/wp-json\/wp\/v2\/pages"}],"about":[{"href":"https:\/\/botproject.cat\/es\/wp-json\/wp\/v2\/types\/page"}],"author":[{"embeddable":true,"href":"https:\/\/botproject.cat\/es\/wp-json\/wp\/v2\/users\/1"}],"replies":[{"embeddable":true,"href":"https:\/\/botproject.cat\/es\/wp-json\/wp\/v2\/comments?post=7432"}],"version-history":[{"count":4,"href":"https:\/\/botproject.cat\/es\/wp-json\/wp\/v2\/pages\/7432\/revisions"}],"predecessor-version":[{"id":7807,"href":"https:\/\/botproject.cat\/es\/wp-json\/wp\/v2\/pages\/7432\/revisions\/7807"}],"wp:attachment":[{"href":"https:\/\/botproject.cat\/es\/wp-json\/wp\/v2\/media?parent=7432"}],"curies":[{"name":"wp","href":"https:\/\/api.w.org\/{rel}","templated":true}]}}