{"id":7387,"date":"2025-07-15T13:26:35","date_gmt":"2025-07-15T11:26:35","guid":{"rendered":"https:\/\/botproject.cat\/?page_id=7387"},"modified":"2025-09-14T01:05:10","modified_gmt":"2025-09-13T23:05:10","slug":"ambar","status":"publish","type":"page","link":"https:\/\/botproject.cat\/es\/home-6-architect-2\/ambar\/","title":{"rendered":"Ambar"},"content":{"rendered":"<div data-elementor-type=\"wp-post\" data-elementor-id=\"7387\" class=\"elementor elementor-7387\">\n\t\t\t\t\t\t<section class=\"elementor-section elementor-top-section elementor-element elementor-element-2e1a09c elementor-section-boxed elementor-section-height-default elementor-section-height-default wpr-particle-no wpr-jarallax-no wpr-parallax-no wpr-sticky-section-no\" data-id=\"2e1a09c\" data-element_type=\"section\" data-e-type=\"section\">\n\t\t\t\t\t\t<div class=\"elementor-container elementor-column-gap-extended\">\n\t\t\t\t\t<div class=\"elementor-column elementor-col-66 elementor-top-column elementor-element elementor-element-ea0db48 sc_inner_width_none sc_content_align_inherit sc_layouts_column_icons_position_left\" data-id=\"ea0db48\" data-element_type=\"column\" data-e-type=\"column\">\n\t\t\t<div class=\"elementor-widget-wrap elementor-element-populated\">\n\t\t\t\t\t\t<div class=\"elementor-element elementor-element-bfc3fcc animation_type_block sc_fly_static elementor-widget elementor-widget-video\" data-id=\"bfc3fcc\" data-element_type=\"widget\" data-e-type=\"widget\" data-settings=\"{&quot;youtube_url&quot;:&quot;https:\\\/\\\/www.youtube.com\\\/watch?v=S3Ev6BV3VuU&quot;,&quot;video_type&quot;:&quot;youtube&quot;,&quot;controls&quot;:&quot;yes&quot;}\" data-widget_type=\"video.default\">\n\t\t\t\t<div class=\"elementor-widget-container\">\n\t\t\t\t\t\t\t<div class=\"elementor-wrapper elementor-open-inline\">\n\t\t\t<div class=\"elementor-video\"><\/div>\t\t<\/div>\n\t\t\t\t\t\t<\/div>\n\t\t\t\t<\/div>\n\t\t\t\t\t<\/div>\n\t\t<\/div>\n\t\t\t\t<div class=\"elementor-column elementor-col-33 elementor-top-column elementor-element elementor-element-27582a8 sc_inner_width_none sc_content_align_inherit sc_layouts_column_icons_position_left\" data-id=\"27582a8\" data-element_type=\"column\" data-e-type=\"column\">\n\t\t\t<div class=\"elementor-widget-wrap elementor-element-populated\">\n\t\t\t\t\t\t<div class=\"elementor-element elementor-element-a1ce878 animation_type_block sc_fly_static elementor-widget elementor-widget-accordion\" data-id=\"a1ce878\" data-element_type=\"widget\" data-e-type=\"widget\" data-widget_type=\"accordion.default\">\n\t\t\t\t<div class=\"elementor-widget-container\">\n\t\t\t\t\t\t\t<div class=\"elementor-accordion\">\n\t\t\t\t\t\t\t<div class=\"elementor-accordion-item\">\n\t\t\t\t\t<div id=\"elementor-tab-title-1691\" class=\"elementor-tab-title\" data-tab=\"1\" role=\"button\" aria-controls=\"elementor-tab-content-1691\" aria-expanded=\"false\">\n\t\t\t\t\t\t\t\t\t\t\t\t\t<span class=\"elementor-accordion-icon elementor-accordion-icon-left\" aria-hidden=\"true\">\n\t\t\t\t\t\t\t\t\t\t\t\t\t\t\t<span class=\"elementor-accordion-icon-closed\"><i class=\"fas fa-plus\"><\/i><\/span>\n\t\t\t\t\t\t\t\t<span class=\"elementor-accordion-icon-opened\"><i class=\"fas fa-minus\"><\/i><\/span>\n\t\t\t\t\t\t\t\t\t\t\t\t\t\t<\/span>\n\t\t\t\t\t\t\t\t\t\t\t\t<a class=\"elementor-accordion-title\" tabindex=\"0\">Sinopsis<\/a>\n\t\t\t\t\t<\/div>\n\t\t\t\t\t<div id=\"elementor-tab-content-1691\" class=\"elementor-tab-content elementor-clearfix\" data-tab=\"1\" role=\"region\" aria-labelledby=\"elementor-tab-title-1691\"><div class=\"page\" title=\"Page 8\"><div class=\"layoutArea\"><div class=\"column\"><p class=\"font_8 wixui-rich-text__text\"><span class=\"wixui-rich-text__text\"><span class=\"color_36 wixui-rich-text__text\">Nos muestra el camino vivencial de dos inmigrantes de la Valencia rural que encuentran en el mundo del circo su fuente de subsistencia y de sabidur\u00eda interior.<\/span><\/span><\/p><p class=\"font_8 wixui-rich-text__text\"><span class=\"wixui-rich-text__text\"><span class=\"color_36 wixui-rich-text__text\">En el transcurso de su viaje de vida, Paco y Antonio son testigos de la evoluci\u00f3n del mundo del circo. Viven en primera persona la mutaci\u00f3n en la que hoy el circo se ha convertido.<\/span><\/span><\/p><p class=\"font_8 wixui-rich-text__text\"><span class=\"wixui-rich-text__text\"><span class=\"color_36 wixui-rich-text__text\">Antonio, ya en la madurez, y trabajando como maestro de ceremonias de su propio circo, se pregunta: \u00bfQu\u00e9 es hoy en el circo? \u00bfEn qu\u00e9 mundo nos encontramos? \u00bfQu\u00e9 papel puede jugar?<\/span><\/span><\/p><\/div><\/div><\/div><\/div>\n\t\t\t\t<\/div>\n\t\t\t\t\t\t\t<div class=\"elementor-accordion-item\">\n\t\t\t\t\t<div id=\"elementor-tab-title-1692\" class=\"elementor-tab-title\" data-tab=\"2\" role=\"button\" aria-controls=\"elementor-tab-content-1692\" aria-expanded=\"false\">\n\t\t\t\t\t\t\t\t\t\t\t\t\t<span class=\"elementor-accordion-icon elementor-accordion-icon-left\" aria-hidden=\"true\">\n\t\t\t\t\t\t\t\t\t\t\t\t\t\t\t<span class=\"elementor-accordion-icon-closed\"><i class=\"fas fa-plus\"><\/i><\/span>\n\t\t\t\t\t\t\t\t<span class=\"elementor-accordion-icon-opened\"><i class=\"fas fa-minus\"><\/i><\/span>\n\t\t\t\t\t\t\t\t\t\t\t\t\t\t<\/span>\n\t\t\t\t\t\t\t\t\t\t\t\t<a class=\"elementor-accordion-title\" tabindex=\"0\">Ficha art\u00edstica<\/a>\n\t\t\t\t\t<\/div>\n\t\t\t\t\t<div id=\"elementor-tab-content-1692\" class=\"elementor-tab-content elementor-clearfix\" data-tab=\"2\" role=\"region\" aria-labelledby=\"elementor-tab-title-1692\"><div class=\"page\" title=\"Page 8\">\n<div class=\"layoutArea\">\n<div class=\"column\">\n<p class=\"font_8 wixui-rich-text__text\"><span class=\"wixui-rich-text__text\"><span class=\"color_36 wixui-rich-text__text\"><strong>Creaci\u00f3:&nbsp;<\/strong> Botproject<\/span><\/span><\/p>\n<p class=\"font_8 wixui-rich-text__text\"><span class=\"wixui-rich-text__text\"><span class=\"color_36 wixui-rich-text__text\"><strong>Direcci\u00f3:<\/strong>&nbsp;Joan Casas<\/span><\/span><\/p>\n<p class=\"font_8 wixui-rich-text__text\"><span class=\"wixui-rich-text__text\"><span class=\"color_36 wixui-rich-text__text\"><strong>Producci\u00f3:<\/strong> Lucas Ruiz<\/span><\/span><\/p>\n<p class=\"font_8 wixui-rich-text__text\"><span class=\"wixui-rich-text__text\"><span class=\"color_36 wixui-rich-text__text\"><strong>Escenografia i utillatge:<\/strong> Lucas Ruiz<\/span><\/span><\/p>\n<p class=\"font_8 wixui-rich-text__text\"><span class=\"wixui-rich-text__text\"><span class=\"color_36 wixui-rich-text__text\"><strong>Disseny de maquillatge i vestuari:<\/strong> Raquel Climent<\/span><\/span><\/p>\n<p class=\"font_8 wixui-rich-text__text\"><span class=\"wixui-rich-text__text\"><span class=\"color_36 wixui-rich-text__text\"><strong>Animaci\u00f3:<\/strong> Juan Ruiz<\/span><\/span><\/p>\n<p class=\"font_8 wixui-rich-text__text\"><span class=\"wixui-rich-text__text\"><span class=\"color_36 wixui-rich-text__text\"><strong>Tecnico i disseny d&#8217;il\u00b7luminaci\u00f3:<\/strong> Juan Ruiz<\/span><\/span><\/p>\n<p class=\"font_8 wixui-rich-text__text\"><span class=\"wixui-rich-text__text\"><span class=\"color_36 wixui-rich-text__text\"><strong>Composici\u00f3 musical:<\/strong> Iv\u00e1n Serrano<\/span><\/span><\/p>\n<p class=\"font_8 wixui-rich-text__text\"><span class=\"wixui-rich-text__text\"><span class=\"color_36 wixui-rich-text__text\"><strong>Int\u00e8rprets:<\/strong> Lucas Ruiz, <\/span><\/span><span class=\"wixui-rich-text__text\"><span class=\"color_36 wixui-rich-text__text\">&nbsp;Iv\u00e1n serrano<\/span><\/span><\/p>\n<p class=\"font_8 wixui-rich-text__text\"><span class=\"wixui-rich-text__text\"><span class=\"color_36 wixui-rich-text__text\"><strong>Duraci\u00f3:<\/strong> 65 min<\/span><\/span><\/p>\n<\/div>\n<\/div>\n<\/div><\/div>\n\t\t\t\t<\/div>\n\t\t\t\t\t\t\t\t<\/div>\n\t\t\t\t\t\t<\/div>\n\t\t\t\t<\/div>\n\t\t\t\t\t<\/div>\n\t\t<\/div>\n\t\t\t\t\t<\/div>\n\t\t<\/section>\n\t\t\t\t<section class=\"elementor-section elementor-top-section elementor-element elementor-element-9ce50a6 elementor-section-full_width elementor-section-stretched elementor-section-height-default elementor-section-height-default wpr-particle-no wpr-jarallax-no wpr-parallax-no wpr-sticky-section-no\" data-id=\"9ce50a6\" data-element_type=\"section\" data-e-type=\"section\" data-settings=\"{&quot;stretch_section&quot;:&quot;section-stretched&quot;}\">\n\t\t\t\t\t\t<div class=\"elementor-container elementor-column-gap-extended\">\n\t\t\t\t\t<div class=\"elementor-column elementor-col-100 elementor-top-column elementor-element elementor-element-153de0f sc_inner_width_none sc_content_align_inherit sc_layouts_column_icons_position_left\" data-id=\"153de0f\" data-element_type=\"column\" data-e-type=\"column\">\n\t\t\t<div class=\"elementor-widget-wrap elementor-element-populated\">\n\t\t\t\t\t\t<div class=\"elementor-element elementor-element-8ca9669 gallery-spacing-custom animation_type_block sc_fly_static elementor-widget elementor-widget-image-gallery\" data-id=\"8ca9669\" data-element_type=\"widget\" data-e-type=\"widget\" data-widget_type=\"image-gallery.default\">\n\t\t\t\t<div class=\"elementor-widget-container\">\n\t\t\t\t\t\t\t<div class=\"elementor-image-gallery\">\n\t\t\t<div id='gallery-1' class='gallery galleryid-7387 gallery-columns-3 gallery-size-quanzo-thumb-med'><figure class='gallery-item'>\n\t\t\t<div class='gallery-icon portrait'>\n\t\t\t\t<a data-elementor-open-lightbox=\"yes\" data-elementor-lightbox-slideshow=\"8ca9669\" data-elementor-lightbox-title=\"ddf658_6fcef5f43d1d43da942157c7d9bf1361mv2_d_1321_1980_s_2\" data-e-action-hash=\"#elementor-action%3Aaction%3Dlightbox%26settings%3DeyJpZCI6NzE4OSwidXJsIjoiaHR0cHM6XC9cL2JvdHByb2plY3QuY2F0XC93cC1jb250ZW50XC91cGxvYWRzXC8yMDI1XC8wN1wvZGRmNjU4XzZmY2VmNWY0M2QxZDQzZGE5NDIxNTdjN2Q5YmYxMzYxbXYyX2RfMTMyMV8xOTgwX3NfMi5qcGciLCJzbGlkZXNob3ciOiI4Y2E5NjY5In0%3D\" href='https:\/\/botproject.cat\/wp-content\/uploads\/2025\/07\/ddf658_6fcef5f43d1d43da942157c7d9bf1361mv2_d_1321_1980_s_2.jpg'><img fetchpriority=\"high\" decoding=\"async\" width=\"370\" height=\"208\" src=\"https:\/\/botproject.cat\/wp-content\/uploads\/2025\/07\/ddf658_6fcef5f43d1d43da942157c7d9bf1361mv2_d_1321_1980_s_2-370x208.jpg\" class=\"attachment-quanzo-thumb-med size-quanzo-thumb-med\" alt=\"\" srcset=\"https:\/\/botproject.cat\/wp-content\/uploads\/2025\/07\/ddf658_6fcef5f43d1d43da942157c7d9bf1361mv2_d_1321_1980_s_2-370x208.jpg 370w, https:\/\/botproject.cat\/wp-content\/uploads\/2025\/07\/ddf658_6fcef5f43d1d43da942157c7d9bf1361mv2_d_1321_1980_s_2-270x152.jpg 270w\" sizes=\"(max-width: 370px) 100vw, 370px\" \/><\/a>\n\t\t\t<\/div><\/figure><figure class='gallery-item'>\n\t\t\t<div class='gallery-icon landscape'>\n\t\t\t\t<a data-elementor-open-lightbox=\"yes\" data-elementor-lightbox-slideshow=\"8ca9669\" data-elementor-lightbox-title=\"ddf658_54c4ccec71f847629d579c13aa922f72mv2_d_1980_1321_s_2\" data-e-action-hash=\"#elementor-action%3Aaction%3Dlightbox%26settings%3DeyJpZCI6NzE5MSwidXJsIjoiaHR0cHM6XC9cL2JvdHByb2plY3QuY2F0XC93cC1jb250ZW50XC91cGxvYWRzXC8yMDI1XC8wN1wvZGRmNjU4XzU0YzRjY2VjNzFmODQ3NjI5ZDU3OWMxM2FhOTIyZjcybXYyX2RfMTk4MF8xMzIxX3NfMi5qcGciLCJzbGlkZXNob3ciOiI4Y2E5NjY5In0%3D\" href='https:\/\/botproject.cat\/wp-content\/uploads\/2025\/07\/ddf658_54c4ccec71f847629d579c13aa922f72mv2_d_1980_1321_s_2.jpg'><img decoding=\"async\" width=\"370\" height=\"208\" src=\"https:\/\/botproject.cat\/wp-content\/uploads\/2025\/07\/ddf658_54c4ccec71f847629d579c13aa922f72mv2_d_1980_1321_s_2-370x208.jpg\" class=\"attachment-quanzo-thumb-med size-quanzo-thumb-med\" alt=\"\" srcset=\"https:\/\/botproject.cat\/wp-content\/uploads\/2025\/07\/ddf658_54c4ccec71f847629d579c13aa922f72mv2_d_1980_1321_s_2-370x208.jpg 370w, https:\/\/botproject.cat\/wp-content\/uploads\/2025\/07\/ddf658_54c4ccec71f847629d579c13aa922f72mv2_d_1980_1321_s_2-750x422.jpg 750w, https:\/\/botproject.cat\/wp-content\/uploads\/2025\/07\/ddf658_54c4ccec71f847629d579c13aa922f72mv2_d_1980_1321_s_2-270x152.jpg 270w\" sizes=\"(max-width: 370px) 100vw, 370px\" \/><\/a>\n\t\t\t<\/div><\/figure><figure class='gallery-item'>\n\t\t\t<div class='gallery-icon portrait'>\n\t\t\t\t<a data-elementor-open-lightbox=\"yes\" data-elementor-lightbox-slideshow=\"8ca9669\" data-elementor-lightbox-title=\"ddf658_5f884dce814046159173a0c4cf456bca\" data-e-action-hash=\"#elementor-action%3Aaction%3Dlightbox%26settings%3DeyJpZCI6NzE4NywidXJsIjoiaHR0cHM6XC9cL2JvdHByb2plY3QuY2F0XC93cC1jb250ZW50XC91cGxvYWRzXC8yMDI1XC8wN1wvZGRmNjU4XzVmODg0ZGNlODE0MDQ2MTU5MTczYTBjNGNmNDU2YmNhLmpwZyIsInNsaWRlc2hvdyI6IjhjYTk2NjkifQ%3D%3D\" href='https:\/\/botproject.cat\/wp-content\/uploads\/2025\/07\/ddf658_5f884dce814046159173a0c4cf456bca.jpg'><img decoding=\"async\" width=\"238\" height=\"208\" src=\"https:\/\/botproject.cat\/wp-content\/uploads\/2025\/07\/ddf658_5f884dce814046159173a0c4cf456bca-238x208.jpg\" class=\"attachment-quanzo-thumb-med size-quanzo-thumb-med\" alt=\"\" \/><\/a>\n\t\t\t<\/div><\/figure>\n\t\t<\/div>\n\t\t<\/div>\n\t\t\t\t\t\t<\/div>\n\t\t\t\t<\/div>\n\t\t\t\t\t<\/div>\n\t\t<\/div>\n\t\t\t\t\t<\/div>\n\t\t<\/section>\n\t\t\t\t<\/div>","protected":false},"excerpt":{"rendered":"<p>Sinopsis Ens mostra el cam\u00ed vivencial de dos immigrants de la Val\u00e8ncia rural que troben dins el m\u00f3n del circ la seva&hellip;<\/p>","protected":false},"author":1,"featured_media":0,"parent":272,"menu_order":0,"comment_status":"closed","ping_status":"closed","template":"","meta":{"footnotes":""},"class_list":["post-7387","page","type-page","status-publish","hentry"],"_links":{"self":[{"href":"https:\/\/botproject.cat\/es\/wp-json\/wp\/v2\/pages\/7387","targetHints":{"allow":["GET"]}}],"collection":[{"href":"https:\/\/botproject.cat\/es\/wp-json\/wp\/v2\/pages"}],"about":[{"href":"https:\/\/botproject.cat\/es\/wp-json\/wp\/v2\/types\/page"}],"author":[{"embeddable":true,"href":"https:\/\/botproject.cat\/es\/wp-json\/wp\/v2\/users\/1"}],"replies":[{"embeddable":true,"href":"https:\/\/botproject.cat\/es\/wp-json\/wp\/v2\/comments?post=7387"}],"version-history":[{"count":16,"href":"https:\/\/botproject.cat\/es\/wp-json\/wp\/v2\/pages\/7387\/revisions"}],"predecessor-version":[{"id":7936,"href":"https:\/\/botproject.cat\/es\/wp-json\/wp\/v2\/pages\/7387\/revisions\/7936"}],"up":[{"embeddable":true,"href":"https:\/\/botproject.cat\/es\/wp-json\/wp\/v2\/pages\/272"}],"wp:attachment":[{"href":"https:\/\/botproject.cat\/es\/wp-json\/wp\/v2\/media?parent=7387"}],"curies":[{"name":"wp","href":"https:\/\/api.w.org\/{rel}","templated":true}]}}