{"id":7371,"date":"2025-07-15T13:05:34","date_gmt":"2025-07-15T11:05:34","guid":{"rendered":"https:\/\/botproject.cat\/?page_id=7371"},"modified":"2025-07-15T13:48:06","modified_gmt":"2025-07-15T11:48:06","slug":"espiral-del-diablo","status":"publish","type":"page","link":"https:\/\/botproject.cat\/es\/home-6-architect-2\/espiral-del-diablo\/","title":{"rendered":"Espiral del Diablo"},"content":{"rendered":"<div data-elementor-type=\"wp-post\" data-elementor-id=\"7371\" class=\"elementor elementor-7371\">\n\t\t\t\t\t\t<section class=\"elementor-section elementor-top-section elementor-element elementor-element-2e1a09c elementor-section-boxed elementor-section-height-default elementor-section-height-default wpr-particle-no wpr-jarallax-no wpr-parallax-no wpr-sticky-section-no\" data-id=\"2e1a09c\" data-element_type=\"section\" data-e-type=\"section\">\n\t\t\t\t\t\t<div class=\"elementor-container elementor-column-gap-extended\">\n\t\t\t\t\t<div class=\"elementor-column elementor-col-66 elementor-top-column elementor-element elementor-element-ea0db48 sc_inner_width_none sc_content_align_inherit sc_layouts_column_icons_position_left\" data-id=\"ea0db48\" data-element_type=\"column\" data-e-type=\"column\">\n\t\t\t<div class=\"elementor-widget-wrap elementor-element-populated\">\n\t\t\t\t\t\t<div class=\"elementor-element elementor-element-bfc3fcc animation_type_block sc_fly_static elementor-widget elementor-widget-video\" data-id=\"bfc3fcc\" data-element_type=\"widget\" data-e-type=\"widget\" data-settings=\"{&quot;youtube_url&quot;:&quot;https:\\\/\\\/www.youtube.com\\\/watch?v=gVDOOLi0mD0&quot;,&quot;video_type&quot;:&quot;youtube&quot;,&quot;controls&quot;:&quot;yes&quot;}\" data-widget_type=\"video.default\">\n\t\t\t\t<div class=\"elementor-widget-container\">\n\t\t\t\t\t\t\t<div class=\"elementor-wrapper elementor-open-inline\">\n\t\t\t<div class=\"elementor-video\"><\/div>\t\t<\/div>\n\t\t\t\t\t\t<\/div>\n\t\t\t\t<\/div>\n\t\t\t\t\t<\/div>\n\t\t<\/div>\n\t\t\t\t<div class=\"elementor-column elementor-col-33 elementor-top-column elementor-element elementor-element-27582a8 sc_inner_width_none sc_content_align_inherit sc_layouts_column_icons_position_left\" data-id=\"27582a8\" data-element_type=\"column\" data-e-type=\"column\">\n\t\t\t<div class=\"elementor-widget-wrap elementor-element-populated\">\n\t\t\t\t\t\t<div class=\"elementor-element elementor-element-a1ce878 animation_type_block sc_fly_static elementor-widget elementor-widget-accordion\" data-id=\"a1ce878\" data-element_type=\"widget\" data-e-type=\"widget\" data-widget_type=\"accordion.default\">\n\t\t\t\t<div class=\"elementor-widget-container\">\n\t\t\t\t\t\t\t<div class=\"elementor-accordion\">\n\t\t\t\t\t\t\t<div class=\"elementor-accordion-item\">\n\t\t\t\t\t<div id=\"elementor-tab-title-1691\" class=\"elementor-tab-title\" data-tab=\"1\" role=\"button\" aria-controls=\"elementor-tab-content-1691\" aria-expanded=\"false\">\n\t\t\t\t\t\t\t\t\t\t\t\t\t<span class=\"elementor-accordion-icon elementor-accordion-icon-left\" aria-hidden=\"true\">\n\t\t\t\t\t\t\t\t\t\t\t\t\t\t\t<span class=\"elementor-accordion-icon-closed\"><i class=\"fas fa-plus\"><\/i><\/span>\n\t\t\t\t\t\t\t\t<span class=\"elementor-accordion-icon-opened\"><i class=\"fas fa-minus\"><\/i><\/span>\n\t\t\t\t\t\t\t\t\t\t\t\t\t\t<\/span>\n\t\t\t\t\t\t\t\t\t\t\t\t<a class=\"elementor-accordion-title\" tabindex=\"0\">Sinopsis<\/a>\n\t\t\t\t\t<\/div>\n\t\t\t\t\t<div id=\"elementor-tab-content-1691\" class=\"elementor-tab-content elementor-clearfix\" data-tab=\"1\" role=\"region\" aria-labelledby=\"elementor-tab-title-1691\"><div class=\"page\" title=\"Page 8\"><div class=\"layoutArea\"><div class=\"column\"><p class=\"font_8 wixui-rich-text__text\">Freser, un dels acr\u00f2bates m\u00e9s grans de tots els temps es prepara per a repetir una vegada m\u00e9s el seu n\u00famero amb l&#8217;ajuda del seu deixeble, en Longi. Aquest cop les coses seran diferents. En Longi li posar\u00e0 les coses dificils al seu mestre perqu\u00e8 amb el pas del temps ha pres bona nota de qu\u00e8 fer sobre d&#8217;un llit el\u00e0stic i no vol perdre la oportunitat de demostrar-ho.<\/p><p class=\"font_8 wixui-rich-text__text\">El resultat de tot aix\u00f2 \u00e9s un n\u00famero que ens arriba de la m\u00e0 de botproject, pl\u00e8 d&#8217;acrob\u00e0cies, equilibris impossibles i humor amb un toc de circ cl\u00e0ssic que far\u00e0 les delicies de petits i grans.<\/p><\/div><\/div><\/div><\/div>\n\t\t\t\t<\/div>\n\t\t\t\t\t\t\t<div class=\"elementor-accordion-item\">\n\t\t\t\t\t<div id=\"elementor-tab-title-1692\" class=\"elementor-tab-title\" data-tab=\"2\" role=\"button\" aria-controls=\"elementor-tab-content-1692\" aria-expanded=\"false\">\n\t\t\t\t\t\t\t\t\t\t\t\t\t<span class=\"elementor-accordion-icon elementor-accordion-icon-left\" aria-hidden=\"true\">\n\t\t\t\t\t\t\t\t\t\t\t\t\t\t\t<span class=\"elementor-accordion-icon-closed\"><i class=\"fas fa-plus\"><\/i><\/span>\n\t\t\t\t\t\t\t\t<span class=\"elementor-accordion-icon-opened\"><i class=\"fas fa-minus\"><\/i><\/span>\n\t\t\t\t\t\t\t\t\t\t\t\t\t\t<\/span>\n\t\t\t\t\t\t\t\t\t\t\t\t<a class=\"elementor-accordion-title\" tabindex=\"0\">Ficha art\u00edstica<\/a>\n\t\t\t\t\t<\/div>\n\t\t\t\t\t<div id=\"elementor-tab-content-1692\" class=\"elementor-tab-content elementor-clearfix\" data-tab=\"2\" role=\"region\" aria-labelledby=\"elementor-tab-title-1692\"><div class=\"page\" title=\"Page 8\"><div class=\"layoutArea\"><div class=\"column\"><p class=\"font_8 wixui-rich-text__text\"><span class=\"wixui-rich-text__text\"><span class=\"color_36 wixui-rich-text__text\"><strong>Creaci\u00f3:<\/strong> \u00a0Botproject<br \/><\/span><\/span><span class=\"wixui-rich-text__text\"><span class=\"color_36 wixui-rich-text__text\"><strong>Int\u00e8rprets:<\/strong> Lucas Ruiz, <\/span><\/span><span class=\"wixui-rich-text__text\"><span class=\"color_36 wixui-rich-text__text\">Angel de Miguel<br \/><\/span><\/span><span class=\"wixui-rich-text__text\"><span class=\"color_36 wixui-rich-text__text\"><strong>Duraci\u00f3: <\/strong>10 minuts<\/span><\/span><\/p><\/div><\/div><\/div><\/div>\n\t\t\t\t<\/div>\n\t\t\t\t\t\t\t\t<\/div>\n\t\t\t\t\t\t<\/div>\n\t\t\t\t<\/div>\n\t\t\t\t\t<\/div>\n\t\t<\/div>\n\t\t\t\t\t<\/div>\n\t\t<\/section>\n\t\t\t\t<section class=\"elementor-section elementor-top-section elementor-element elementor-element-9ce50a6 elementor-section-full_width elementor-section-stretched elementor-section-height-default elementor-section-height-default wpr-particle-no wpr-jarallax-no wpr-parallax-no wpr-sticky-section-no\" data-id=\"9ce50a6\" data-element_type=\"section\" data-e-type=\"section\" data-settings=\"{&quot;stretch_section&quot;:&quot;section-stretched&quot;}\">\n\t\t\t\t\t\t<div class=\"elementor-container elementor-column-gap-extended\">\n\t\t\t\t\t<div class=\"elementor-column elementor-col-100 elementor-top-column elementor-element elementor-element-153de0f sc_inner_width_none sc_content_align_inherit sc_layouts_column_icons_position_left\" data-id=\"153de0f\" data-element_type=\"column\" data-e-type=\"column\">\n\t\t\t<div class=\"elementor-widget-wrap elementor-element-populated\">\n\t\t\t\t\t\t<div class=\"elementor-element elementor-element-8ca9669 gallery-spacing-custom animation_type_block sc_fly_static elementor-widget elementor-widget-image-gallery\" data-id=\"8ca9669\" data-element_type=\"widget\" data-e-type=\"widget\" data-widget_type=\"image-gallery.default\">\n\t\t\t\t<div class=\"elementor-widget-container\">\n\t\t\t\t\t\t\t<div class=\"elementor-image-gallery\">\n\t\t\t<div id='gallery-1' class='gallery galleryid-7371 gallery-columns-2 gallery-size-quanzo-thumb-med'><figure class='gallery-item'>\n\t\t\t<div class='gallery-icon landscape'>\n\t\t\t\t<a data-elementor-open-lightbox=\"yes\" data-elementor-lightbox-slideshow=\"8ca9669\" data-elementor-lightbox-title=\"ddf658_0a29d8e3d7ea498c9d7bb84ca546137d\" data-e-action-hash=\"#elementor-action%3Aaction%3Dlightbox%26settings%3DeyJpZCI6NzM4MiwidXJsIjoiaHR0cHM6XC9cL2JvdHByb2plY3QuY2F0XC93cC1jb250ZW50XC91cGxvYWRzXC8yMDI1XC8wN1wvZGRmNjU4XzBhMjlkOGUzZDdlYTQ5OGM5ZDdiYjg0Y2E1NDYxMzdkLmpwZyIsInNsaWRlc2hvdyI6IjhjYTk2NjkifQ%3D%3D\" href='https:\/\/botproject.cat\/wp-content\/uploads\/2025\/07\/ddf658_0a29d8e3d7ea498c9d7bb84ca546137d.jpg'><img fetchpriority=\"high\" decoding=\"async\" width=\"370\" height=\"208\" src=\"https:\/\/botproject.cat\/wp-content\/uploads\/2025\/07\/ddf658_0a29d8e3d7ea498c9d7bb84ca546137d-370x208.jpg\" class=\"attachment-quanzo-thumb-med size-quanzo-thumb-med\" alt=\"\" srcset=\"https:\/\/botproject.cat\/wp-content\/uploads\/2025\/07\/ddf658_0a29d8e3d7ea498c9d7bb84ca546137d-370x208.jpg 370w, https:\/\/botproject.cat\/wp-content\/uploads\/2025\/07\/ddf658_0a29d8e3d7ea498c9d7bb84ca546137d-750x422.jpg 750w, https:\/\/botproject.cat\/wp-content\/uploads\/2025\/07\/ddf658_0a29d8e3d7ea498c9d7bb84ca546137d-270x152.jpg 270w\" sizes=\"(max-width: 370px) 100vw, 370px\" \/><\/a>\n\t\t\t<\/div><\/figure><figure class='gallery-item'>\n\t\t\t<div class='gallery-icon landscape'>\n\t\t\t\t<a data-elementor-open-lightbox=\"yes\" data-elementor-lightbox-slideshow=\"8ca9669\" data-elementor-lightbox-title=\"ddf658_f80fb7487e284ca19823b4be9978d7ff\" data-e-action-hash=\"#elementor-action%3Aaction%3Dlightbox%26settings%3DeyJpZCI6NzM4MywidXJsIjoiaHR0cHM6XC9cL2JvdHByb2plY3QuY2F0XC93cC1jb250ZW50XC91cGxvYWRzXC8yMDI1XC8wN1wvZGRmNjU4X2Y4MGZiNzQ4N2UyODRjYTE5ODIzYjRiZTk5NzhkN2ZmLmpwZyIsInNsaWRlc2hvdyI6IjhjYTk2NjkifQ%3D%3D\" href='https:\/\/botproject.cat\/wp-content\/uploads\/2025\/07\/ddf658_f80fb7487e284ca19823b4be9978d7ff.jpg'><img decoding=\"async\" width=\"370\" height=\"208\" src=\"https:\/\/botproject.cat\/wp-content\/uploads\/2025\/07\/ddf658_f80fb7487e284ca19823b4be9978d7ff-370x208.jpg\" class=\"attachment-quanzo-thumb-med size-quanzo-thumb-med\" alt=\"\" srcset=\"https:\/\/botproject.cat\/wp-content\/uploads\/2025\/07\/ddf658_f80fb7487e284ca19823b4be9978d7ff-370x208.jpg 370w, https:\/\/botproject.cat\/wp-content\/uploads\/2025\/07\/ddf658_f80fb7487e284ca19823b4be9978d7ff-750x422.jpg 750w, https:\/\/botproject.cat\/wp-content\/uploads\/2025\/07\/ddf658_f80fb7487e284ca19823b4be9978d7ff-270x152.jpg 270w\" sizes=\"(max-width: 370px) 100vw, 370px\" \/><\/a>\n\t\t\t<\/div><\/figure>\n\t\t<\/div>\n\t\t<\/div>\n\t\t\t\t\t\t<\/div>\n\t\t\t\t<\/div>\n\t\t\t\t\t<\/div>\n\t\t<\/div>\n\t\t\t\t\t<\/div>\n\t\t<\/section>\n\t\t\t\t<\/div>","protected":false},"excerpt":{"rendered":"<p>Sinopsis Freser, un dels acr\u00f2bates m\u00e9s grans de tots els temps es prepara per a repetir una vegada m\u00e9s el seu n\u00famero&hellip;<\/p>","protected":false},"author":1,"featured_media":0,"parent":272,"menu_order":0,"comment_status":"closed","ping_status":"closed","template":"","meta":{"footnotes":""},"class_list":["post-7371","page","type-page","status-publish","hentry"],"_links":{"self":[{"href":"https:\/\/botproject.cat\/es\/wp-json\/wp\/v2\/pages\/7371","targetHints":{"allow":["GET"]}}],"collection":[{"href":"https:\/\/botproject.cat\/es\/wp-json\/wp\/v2\/pages"}],"about":[{"href":"https:\/\/botproject.cat\/es\/wp-json\/wp\/v2\/types\/page"}],"author":[{"embeddable":true,"href":"https:\/\/botproject.cat\/es\/wp-json\/wp\/v2\/users\/1"}],"replies":[{"embeddable":true,"href":"https:\/\/botproject.cat\/es\/wp-json\/wp\/v2\/comments?post=7371"}],"version-history":[{"count":16,"href":"https:\/\/botproject.cat\/es\/wp-json\/wp\/v2\/pages\/7371\/revisions"}],"predecessor-version":[{"id":7418,"href":"https:\/\/botproject.cat\/es\/wp-json\/wp\/v2\/pages\/7371\/revisions\/7418"}],"up":[{"embeddable":true,"href":"https:\/\/botproject.cat\/es\/wp-json\/wp\/v2\/pages\/272"}],"wp:attachment":[{"href":"https:\/\/botproject.cat\/es\/wp-json\/wp\/v2\/media?parent=7371"}],"curies":[{"name":"wp","href":"https:\/\/api.w.org\/{rel}","templated":true}]}}