{"id":7320,"date":"2025-07-15T12:21:40","date_gmt":"2025-07-15T10:21:40","guid":{"rendered":"https:\/\/botproject.cat\/?page_id=7320"},"modified":"2025-10-17T12:45:02","modified_gmt":"2025-10-17T10:45:02","slug":"contacte-2-2","status":"publish","type":"page","link":"https:\/\/botproject.cat\/es\/home-6-architect-2\/contacte-2-2\/","title":{"rendered":"Rec.ON (strucci\u00f3n)"},"content":{"rendered":"<div data-elementor-type=\"wp-post\" data-elementor-id=\"7320\" class=\"elementor elementor-7320\">\n\t\t\t\t\t\t<section class=\"elementor-section elementor-top-section elementor-element elementor-element-2e1a09c elementor-section-boxed elementor-section-height-default elementor-section-height-default wpr-particle-no wpr-jarallax-no wpr-parallax-no wpr-sticky-section-no\" data-id=\"2e1a09c\" data-element_type=\"section\" data-e-type=\"section\">\n\t\t\t\t\t\t<div class=\"elementor-container elementor-column-gap-extended\">\n\t\t\t\t\t<div class=\"elementor-column elementor-col-66 elementor-top-column elementor-element elementor-element-ea0db48 sc_inner_width_none sc_content_align_inherit sc_layouts_column_icons_position_left\" data-id=\"ea0db48\" data-element_type=\"column\" data-e-type=\"column\">\n\t\t\t<div class=\"elementor-widget-wrap elementor-element-populated\">\n\t\t\t\t\t\t<div class=\"elementor-element elementor-element-bfc3fcc animation_type_block sc_fly_static elementor-widget elementor-widget-video\" data-id=\"bfc3fcc\" data-element_type=\"widget\" data-e-type=\"widget\" data-settings=\"{&quot;youtube_url&quot;:&quot;https:\\\/\\\/www.youtube.com\\\/watch?v=N_LSNxZbups&quot;,&quot;video_type&quot;:&quot;youtube&quot;,&quot;controls&quot;:&quot;yes&quot;}\" data-widget_type=\"video.default\">\n\t\t\t\t<div class=\"elementor-widget-container\">\n\t\t\t\t\t\t\t<div class=\"elementor-wrapper elementor-open-inline\">\n\t\t\t<div class=\"elementor-video\"><\/div>\t\t<\/div>\n\t\t\t\t\t\t<\/div>\n\t\t\t\t<\/div>\n\t\t\t\t<div class=\"elementor-element elementor-element-b49c328 animation_type_block sc_fly_static elementor-widget elementor-widget-trx_sc_button\" data-id=\"b49c328\" data-element_type=\"widget\" data-e-type=\"widget\" data-widget_type=\"trx_sc_button.default\">\n\t\t\t\t<div class=\"elementor-widget-container\">\n\t\t\t\t\t<div id=\"trx_sc_button_1038901227\"\tclass=\"sc_item_button sc_button_wrap\"><a href=\"https:\/\/botproject.cat\/wp-content\/uploads\/2025\/07\/REC_cat_07_2023_compressed.pdf\" class=\"sc_button sc_button_default sc_button_size_normal sc_button_with_icon sc_button_icon_left\"><span class=\"sc_button_icon\"><span class=\"icon-file-pdf\"><\/span><\/span><span class=\"sc_button_text\"><span class=\"sc_button_title\">Dossier Val<\/span><\/span><!-- \/.sc_button_text --><\/a><!-- \/.sc_button --><a href=\"https:\/\/botproject.cat\/wp-content\/uploads\/2025\/10\/Ficha-tecnica.pdf\" class=\"sc_button sc_button_default sc_button_size_normal sc_button_with_icon sc_button_icon_left\"><span class=\"sc_button_icon\"><span class=\"icon-file-pdf\"><\/span><\/span><span class=\"sc_button_text\"><span class=\"sc_button_title\">Fitxa T\u00e8c Val<\/span><\/span><!-- \/.sc_button_text --><\/a><!-- \/.sc_button --><\/div><!-- \/.sc_item_button -->\t\t\t\t<\/div>\n\t\t\t\t<\/div>\n\t\t\t\t<div class=\"elementor-element elementor-element-d19484d animation_type_block sc_fly_static elementor-widget elementor-widget-trx_sc_button\" data-id=\"d19484d\" data-element_type=\"widget\" data-e-type=\"widget\" data-widget_type=\"trx_sc_button.default\">\n\t\t\t\t<div class=\"elementor-widget-container\">\n\t\t\t\t\t<div id=\"trx_sc_button_639727316\"\tclass=\"sc_item_button sc_button_wrap\"><a href=\"https:\/\/botproject.cat\/wp-content\/uploads\/2025\/10\/REC_paisage-05-2023_compressed.pdf\" class=\"sc_button sc_button_default sc_button_size_normal sc_button_with_icon sc_button_icon_left\"><span class=\"sc_button_icon\"><span class=\"icon-file-pdf\"><\/span><\/span><span class=\"sc_button_text\"><span class=\"sc_button_title\">Dossier Cast<\/span><\/span><!-- \/.sc_button_text --><\/a><!-- \/.sc_button --><a href=\"https:\/\/botproject.cat\/wp-content\/uploads\/2025\/10\/Ficha-tecnica-07_2023-1.pdf\" class=\"sc_button sc_button_default sc_button_size_normal sc_button_with_icon sc_button_icon_left\"><span class=\"sc_button_icon\"><span class=\"icon-file-pdf\"><\/span><\/span><span class=\"sc_button_text\"><span class=\"sc_button_title\">Ficha T\u00e9c Cast<\/span><\/span><!-- \/.sc_button_text --><\/a><!-- \/.sc_button --><\/div><!-- \/.sc_item_button -->\t\t\t\t<\/div>\n\t\t\t\t<\/div>\n\t\t\t\t<div class=\"elementor-element elementor-element-0398d39 animation_type_block sc_fly_static elementor-widget elementor-widget-trx_sc_button\" data-id=\"0398d39\" data-element_type=\"widget\" data-e-type=\"widget\" data-widget_type=\"trx_sc_button.default\">\n\t\t\t\t<div class=\"elementor-widget-container\">\n\t\t\t\t\t<div id=\"trx_sc_button_1116004080\"\tclass=\"sc_item_button sc_button_wrap\"><a href=\"https:\/\/botproject.cat\/wp-content\/uploads\/2025\/10\/REC.On-ENG_compressed-1.pdf\" class=\"sc_button sc_button_default sc_button_size_normal sc_button_with_icon sc_button_icon_left\"><span class=\"sc_button_icon\"><span class=\"icon-file-pdf\"><\/span><\/span><span class=\"sc_button_text\"><span class=\"sc_button_title\">Show Dossier <\/span><\/span><!-- \/.sc_button_text --><\/a><!-- \/.sc_button --><a href=\"https:\/\/botproject.cat\/wp-content\/uploads\/2025\/10\/REC.ON-Technical-specifications.pdf\" class=\"sc_button sc_button_default sc_button_size_normal sc_button_with_icon sc_button_icon_left\"><span class=\"sc_button_icon\"><span class=\"icon-file-pdf\"><\/span><\/span><span class=\"sc_button_text\"><span class=\"sc_button_title\">Technical Sheet<\/span><\/span><!-- \/.sc_button_text --><\/a><!-- \/.sc_button --><\/div><!-- \/.sc_item_button -->\t\t\t\t<\/div>\n\t\t\t\t<\/div>\n\t\t\t\t\t<\/div>\n\t\t<\/div>\n\t\t\t\t<div class=\"elementor-column elementor-col-33 elementor-top-column elementor-element elementor-element-27582a8 sc_inner_width_none sc_content_align_inherit sc_layouts_column_icons_position_left\" data-id=\"27582a8\" data-element_type=\"column\" data-e-type=\"column\">\n\t\t\t<div class=\"elementor-widget-wrap elementor-element-populated\">\n\t\t\t\t\t\t<div class=\"elementor-element elementor-element-a1ce878 animation_type_block sc_fly_static elementor-widget elementor-widget-accordion\" data-id=\"a1ce878\" data-element_type=\"widget\" data-e-type=\"widget\" data-widget_type=\"accordion.default\">\n\t\t\t\t<div class=\"elementor-widget-container\">\n\t\t\t\t\t\t\t<div class=\"elementor-accordion\">\n\t\t\t\t\t\t\t<div class=\"elementor-accordion-item\">\n\t\t\t\t\t<div id=\"elementor-tab-title-1691\" class=\"elementor-tab-title\" data-tab=\"1\" role=\"button\" aria-controls=\"elementor-tab-content-1691\" aria-expanded=\"false\">\n\t\t\t\t\t\t\t\t\t\t\t\t\t<span class=\"elementor-accordion-icon elementor-accordion-icon-left\" aria-hidden=\"true\">\n\t\t\t\t\t\t\t\t\t\t\t\t\t\t\t<span class=\"elementor-accordion-icon-closed\"><i class=\"fas fa-plus\"><\/i><\/span>\n\t\t\t\t\t\t\t\t<span class=\"elementor-accordion-icon-opened\"><i class=\"fas fa-minus\"><\/i><\/span>\n\t\t\t\t\t\t\t\t\t\t\t\t\t\t<\/span>\n\t\t\t\t\t\t\t\t\t\t\t\t<a class=\"elementor-accordion-title\" tabindex=\"0\">Sinopsis<\/a>\n\t\t\t\t\t<\/div>\n\t\t\t\t\t<div id=\"elementor-tab-content-1691\" class=\"elementor-tab-content elementor-clearfix\" data-tab=\"1\" role=\"region\" aria-labelledby=\"elementor-tab-title-1691\"><div class=\"page\" title=\"Page 8\"><div class=\"layoutArea\"><div class=\"column\"><p class=\"font_8 wixui-rich-text__text\">Rec.On(strucci\u00f3) ofereix una al\u00b7legoria de les crisis de la mitjana edat, de la vellesa i de l\u2019estigma social que l\u2019envolta, alhora que despulla les pors que acompanyen el desenvolupament de les capacitats de l\u2019artista. Des de la curiositat, els personatges s\u2019exposen i exposen els l\u00edmits.<\/p><p class=\"font_8 wixui-rich-text__text\">Trampol\u00edn y acr\u00f3batas se funden y desdibujan las fronteras en la b\u00fasqueda de las arritmias, del riesgo. Objetos y sujetos se trastornan para reencontrarse con la fragilidad de sus cuerpos, siempre en proceso de envejecimiento y en relaci\u00f3n con los dem\u00e1s.<\/p><p class=\"font_8 wixui-rich-text__text\">En definitiva, la risa, lo extra\u00f1o en lo cotidiano y las reflexiones sobre la finitud se entrelazan con la creaci\u00f3n circense para explorar la condici\u00f3n humana.<\/p><\/div><\/div><\/div><\/div>\n\t\t\t\t<\/div>\n\t\t\t\t\t\t\t<div class=\"elementor-accordion-item\">\n\t\t\t\t\t<div id=\"elementor-tab-title-1692\" class=\"elementor-tab-title\" data-tab=\"2\" role=\"button\" aria-controls=\"elementor-tab-content-1692\" aria-expanded=\"false\">\n\t\t\t\t\t\t\t\t\t\t\t\t\t<span class=\"elementor-accordion-icon elementor-accordion-icon-left\" aria-hidden=\"true\">\n\t\t\t\t\t\t\t\t\t\t\t\t\t\t\t<span class=\"elementor-accordion-icon-closed\"><i class=\"fas fa-plus\"><\/i><\/span>\n\t\t\t\t\t\t\t\t<span class=\"elementor-accordion-icon-opened\"><i class=\"fas fa-minus\"><\/i><\/span>\n\t\t\t\t\t\t\t\t\t\t\t\t\t\t<\/span>\n\t\t\t\t\t\t\t\t\t\t\t\t<a class=\"elementor-accordion-title\" tabindex=\"0\">Ficha art\u00edstica<\/a>\n\t\t\t\t\t<\/div>\n\t\t\t\t\t<div id=\"elementor-tab-content-1692\" class=\"elementor-tab-content elementor-clearfix\" data-tab=\"2\" role=\"region\" aria-labelledby=\"elementor-tab-title-1692\"><div class=\"page\" title=\"Page 8\"><div class=\"layoutArea\"><div class=\"column\"><p class=\"font_8 wixui-rich-text__text\">Producci\u00f3n ejecutiva: Botproject <br \/>Idea, concepci\u00f3 art\u00edstica: Lucas Ruiz i Max Calaf <br \/><strong><br \/>Artistas int\u00e9rpretes<\/strong> <br \/>Lucas Ruiz: Artista multidisciplinar, especializado en circo trampol\u00edn <br \/>Max Calaf: Artista multidisciplinar, especializado en la disciplina de trampol\u00edn de circo <br \/><strong><br \/>Equipo creativo<\/strong> <br \/>Benet Jofre: Dise\u00f1o y construcci\u00f3n, asesoramiento t\u00e9cnico <br \/>Mart\u00ed Guillem: Composici\u00f3 i creaci\u00f3 sonora <br \/>Eleonora Gronchi \/ Pablo Meneu: Mirada externa, consultor\u00eda narrativa y dramat\u00fargica <br \/><br \/><strong>Espect\u00e1culo para exterior<\/strong> <br \/>Todos los p\u00fablicos, edad recomendada 5+ <br \/>Duraci\u00f3n: 45 min<\/p><\/div><\/div><\/div><\/div>\n\t\t\t\t<\/div>\n\t\t\t\t\t\t\t\t<\/div>\n\t\t\t\t\t\t<\/div>\n\t\t\t\t<\/div>\n\t\t\t\t\t<\/div>\n\t\t<\/div>\n\t\t\t\t\t<\/div>\n\t\t<\/section>\n\t\t\t\t<section class=\"elementor-section elementor-top-section elementor-element elementor-element-9ce50a6 elementor-section-full_width elementor-section-stretched elementor-section-height-default elementor-section-height-default wpr-particle-no wpr-jarallax-no wpr-parallax-no wpr-sticky-section-no\" data-id=\"9ce50a6\" data-element_type=\"section\" data-e-type=\"section\" data-settings=\"{&quot;stretch_section&quot;:&quot;section-stretched&quot;}\">\n\t\t\t\t\t\t<div class=\"elementor-container elementor-column-gap-extended\">\n\t\t\t\t\t<div class=\"elementor-column elementor-col-100 elementor-top-column elementor-element elementor-element-153de0f sc_inner_width_none sc_content_align_inherit sc_layouts_column_icons_position_left\" data-id=\"153de0f\" data-element_type=\"column\" data-e-type=\"column\">\n\t\t\t<div class=\"elementor-widget-wrap elementor-element-populated\">\n\t\t\t\t\t\t<div class=\"elementor-element elementor-element-8ca9669 gallery-spacing-custom animation_type_block sc_fly_static elementor-widget elementor-widget-image-gallery\" data-id=\"8ca9669\" data-element_type=\"widget\" data-e-type=\"widget\" data-widget_type=\"image-gallery.default\">\n\t\t\t\t<div class=\"elementor-widget-container\">\n\t\t\t\t\t\t\t<div class=\"elementor-image-gallery\">\n\t\t\t<div id='gallery-1' class='gallery galleryid-7320 gallery-columns-4 gallery-size-quanzo-thumb-med'><figure class='gallery-item'>\n\t\t\t<div class='gallery-icon landscape'>\n\t\t\t\t<a data-elementor-open-lightbox=\"yes\" data-elementor-lightbox-slideshow=\"8ca9669\" data-elementor-lightbox-title=\"_S3A8770\" data-e-action-hash=\"#elementor-action%3Aaction%3Dlightbox%26settings%3DeyJpZCI6Nzg5OCwidXJsIjoiaHR0cHM6XC9cL2JvdHByb2plY3QuY2F0XC93cC1jb250ZW50XC91cGxvYWRzXC8yMDI1XC8wOVwvUzNBODc3MC1zY2FsZWQuanBnIiwic2xpZGVzaG93IjoiOGNhOTY2OSJ9\" href='https:\/\/botproject.cat\/wp-content\/uploads\/2025\/09\/S3A8770-scaled.jpg'><img fetchpriority=\"high\" decoding=\"async\" width=\"370\" height=\"208\" src=\"https:\/\/botproject.cat\/wp-content\/uploads\/2025\/09\/S3A8770-370x208.jpg\" class=\"attachment-quanzo-thumb-med size-quanzo-thumb-med\" alt=\"\" srcset=\"https:\/\/botproject.cat\/wp-content\/uploads\/2025\/09\/S3A8770-370x208.jpg 370w, https:\/\/botproject.cat\/wp-content\/uploads\/2025\/09\/S3A8770-1170x658.jpg 1170w, https:\/\/botproject.cat\/wp-content\/uploads\/2025\/09\/S3A8770-750x422.jpg 750w, https:\/\/botproject.cat\/wp-content\/uploads\/2025\/09\/S3A8770-270x152.jpg 270w\" sizes=\"(max-width: 370px) 100vw, 370px\" \/><\/a>\n\t\t\t<\/div><\/figure><figure class='gallery-item'>\n\t\t\t<div class='gallery-icon landscape'>\n\t\t\t\t<a data-elementor-open-lightbox=\"yes\" data-elementor-lightbox-slideshow=\"8ca9669\" data-elementor-lightbox-title=\"_S3A9216\" data-e-action-hash=\"#elementor-action%3Aaction%3Dlightbox%26settings%3DeyJpZCI6NzMzNywidXJsIjoiaHR0cHM6XC9cL2JvdHByb2plY3QuY2F0XC93cC1jb250ZW50XC91cGxvYWRzXC8yMDI1XC8wN1wvUzNBOTIxNi1zY2FsZWQuanBnIiwic2xpZGVzaG93IjoiOGNhOTY2OSJ9\" href='https:\/\/botproject.cat\/wp-content\/uploads\/2025\/07\/S3A9216-scaled.jpg'><img decoding=\"async\" width=\"370\" height=\"208\" src=\"https:\/\/botproject.cat\/wp-content\/uploads\/2025\/07\/S3A9216-370x208.jpg\" class=\"attachment-quanzo-thumb-med size-quanzo-thumb-med\" alt=\"\" srcset=\"https:\/\/botproject.cat\/wp-content\/uploads\/2025\/07\/S3A9216-370x208.jpg 370w, https:\/\/botproject.cat\/wp-content\/uploads\/2025\/07\/S3A9216-1170x658.jpg 1170w, https:\/\/botproject.cat\/wp-content\/uploads\/2025\/07\/S3A9216-750x422.jpg 750w, https:\/\/botproject.cat\/wp-content\/uploads\/2025\/07\/S3A9216-270x152.jpg 270w\" sizes=\"(max-width: 370px) 100vw, 370px\" \/><\/a>\n\t\t\t<\/div><\/figure><figure class='gallery-item'>\n\t\t\t<div class='gallery-icon landscape'>\n\t\t\t\t<a data-elementor-open-lightbox=\"yes\" data-elementor-lightbox-slideshow=\"8ca9669\" data-elementor-lightbox-title=\"WhatsApp Image 2025-04-07 at 16.47.55\" data-e-action-hash=\"#elementor-action%3Aaction%3Dlightbox%26settings%3DeyJpZCI6Nzg5OSwidXJsIjoiaHR0cHM6XC9cL2JvdHByb2plY3QuY2F0XC93cC1jb250ZW50XC91cGxvYWRzXC8yMDI1XC8wOVwvV2hhdHNBcHAtSW1hZ2UtMjAyNS0wNC0wNy1hdC0xNi40Ny41NS5qcGVnIiwic2xpZGVzaG93IjoiOGNhOTY2OSJ9\" href='https:\/\/botproject.cat\/wp-content\/uploads\/2025\/09\/WhatsApp-Image-2025-04-07-at-16.47.55.jpeg'><img decoding=\"async\" width=\"370\" height=\"208\" src=\"https:\/\/botproject.cat\/wp-content\/uploads\/2025\/09\/WhatsApp-Image-2025-04-07-at-16.47.55-370x208.jpeg\" class=\"attachment-quanzo-thumb-med size-quanzo-thumb-med\" alt=\"\" srcset=\"https:\/\/botproject.cat\/wp-content\/uploads\/2025\/09\/WhatsApp-Image-2025-04-07-at-16.47.55-370x208.jpeg 370w, https:\/\/botproject.cat\/wp-content\/uploads\/2025\/09\/WhatsApp-Image-2025-04-07-at-16.47.55-1170x658.jpeg 1170w, https:\/\/botproject.cat\/wp-content\/uploads\/2025\/09\/WhatsApp-Image-2025-04-07-at-16.47.55-750x422.jpeg 750w, https:\/\/botproject.cat\/wp-content\/uploads\/2025\/09\/WhatsApp-Image-2025-04-07-at-16.47.55-270x152.jpeg 270w\" sizes=\"(max-width: 370px) 100vw, 370px\" \/><\/a>\n\t\t\t<\/div><\/figure><figure class='gallery-item'>\n\t\t\t<div class='gallery-icon portrait'>\n\t\t\t\t<a data-elementor-open-lightbox=\"yes\" data-elementor-lightbox-slideshow=\"8ca9669\" data-elementor-lightbox-title=\"WhatsApp Image 2023-11-07 at 09.30.56\" data-e-action-hash=\"#elementor-action%3Aaction%3Dlightbox%26settings%3DeyJpZCI6NzkwMSwidXJsIjoiaHR0cHM6XC9cL2JvdHByb2plY3QuY2F0XC93cC1jb250ZW50XC91cGxvYWRzXC8yMDI1XC8wOVwvV2hhdHNBcHAtSW1hZ2UtMjAyMy0xMS0wNy1hdC0wOS4zMC41Ni5qcGVnIiwic2xpZGVzaG93IjoiOGNhOTY2OSJ9\" href='https:\/\/botproject.cat\/wp-content\/uploads\/2025\/09\/WhatsApp-Image-2023-11-07-at-09.30.56.jpeg'><img loading=\"lazy\" decoding=\"async\" width=\"370\" height=\"208\" src=\"https:\/\/botproject.cat\/wp-content\/uploads\/2025\/09\/WhatsApp-Image-2023-11-07-at-09.30.56-370x208.jpeg\" class=\"attachment-quanzo-thumb-med size-quanzo-thumb-med\" alt=\"\" srcset=\"https:\/\/botproject.cat\/wp-content\/uploads\/2025\/09\/WhatsApp-Image-2023-11-07-at-09.30.56-370x208.jpeg 370w, https:\/\/botproject.cat\/wp-content\/uploads\/2025\/09\/WhatsApp-Image-2023-11-07-at-09.30.56-270x152.jpeg 270w\" sizes=\"(max-width: 370px) 100vw, 370px\" \/><\/a>\n\t\t\t<\/div><\/figure><figure class='gallery-item'>\n\t\t\t<div class='gallery-icon landscape'>\n\t\t\t\t<a data-elementor-open-lightbox=\"yes\" data-elementor-lightbox-slideshow=\"8ca9669\" data-elementor-lightbox-title=\"CIRCARTE 2021 - Foto ManoMC - _8OO6638\" data-e-action-hash=\"#elementor-action%3Aaction%3Dlightbox%26settings%3DeyJpZCI6NzMzOSwidXJsIjoiaHR0cHM6XC9cL2JvdHByb2plY3QuY2F0XC93cC1jb250ZW50XC91cGxvYWRzXC8yMDI1XC8wN1wvQ0lSQ0FSVEUtMjAyMS1Gb3RvLU1hbm9NQy1fOE9PNjYzOC5qcGciLCJzbGlkZXNob3ciOiI4Y2E5NjY5In0%3D\" href='https:\/\/botproject.cat\/wp-content\/uploads\/2025\/07\/CIRCARTE-2021-Foto-ManoMC-_8OO6638.jpg'><img loading=\"lazy\" decoding=\"async\" width=\"370\" height=\"208\" src=\"https:\/\/botproject.cat\/wp-content\/uploads\/2025\/07\/CIRCARTE-2021-Foto-ManoMC-_8OO6638-370x208.jpg\" class=\"attachment-quanzo-thumb-med size-quanzo-thumb-med\" alt=\"\" srcset=\"https:\/\/botproject.cat\/wp-content\/uploads\/2025\/07\/CIRCARTE-2021-Foto-ManoMC-_8OO6638-370x208.jpg 370w, https:\/\/botproject.cat\/wp-content\/uploads\/2025\/07\/CIRCARTE-2021-Foto-ManoMC-_8OO6638-1170x658.jpg 1170w, https:\/\/botproject.cat\/wp-content\/uploads\/2025\/07\/CIRCARTE-2021-Foto-ManoMC-_8OO6638-750x422.jpg 750w, https:\/\/botproject.cat\/wp-content\/uploads\/2025\/07\/CIRCARTE-2021-Foto-ManoMC-_8OO6638-270x152.jpg 270w\" sizes=\"(max-width: 370px) 100vw, 370px\" \/><\/a>\n\t\t\t<\/div><\/figure><figure class='gallery-item'>\n\t\t\t<div class='gallery-icon landscape'>\n\t\t\t\t<a data-elementor-open-lightbox=\"yes\" data-elementor-lightbox-slideshow=\"8ca9669\" data-elementor-lightbox-title=\"CIRCARTE 2021 - Foto ManoMC - _8016495\" data-e-action-hash=\"#elementor-action%3Aaction%3Dlightbox%26settings%3DeyJpZCI6NzM0MCwidXJsIjoiaHR0cHM6XC9cL2JvdHByb2plY3QuY2F0XC93cC1jb250ZW50XC91cGxvYWRzXC8yMDI1XC8wN1wvQ0lSQ0FSVEUtMjAyMS1Gb3RvLU1hbm9NQy1fODAxNjQ5NS5qcGciLCJzbGlkZXNob3ciOiI4Y2E5NjY5In0%3D\" href='https:\/\/botproject.cat\/wp-content\/uploads\/2025\/07\/CIRCARTE-2021-Foto-ManoMC-_8016495.jpg'><img loading=\"lazy\" decoding=\"async\" width=\"370\" height=\"208\" src=\"https:\/\/botproject.cat\/wp-content\/uploads\/2025\/07\/CIRCARTE-2021-Foto-ManoMC-_8016495-370x208.jpg\" class=\"attachment-quanzo-thumb-med size-quanzo-thumb-med\" alt=\"\" srcset=\"https:\/\/botproject.cat\/wp-content\/uploads\/2025\/07\/CIRCARTE-2021-Foto-ManoMC-_8016495-370x208.jpg 370w, https:\/\/botproject.cat\/wp-content\/uploads\/2025\/07\/CIRCARTE-2021-Foto-ManoMC-_8016495-1170x658.jpg 1170w, https:\/\/botproject.cat\/wp-content\/uploads\/2025\/07\/CIRCARTE-2021-Foto-ManoMC-_8016495-750x422.jpg 750w, https:\/\/botproject.cat\/wp-content\/uploads\/2025\/07\/CIRCARTE-2021-Foto-ManoMC-_8016495-270x152.jpg 270w\" sizes=\"(max-width: 370px) 100vw, 370px\" \/><\/a>\n\t\t\t<\/div><\/figure><figure class='gallery-item'>\n\t\t\t<div class='gallery-icon landscape'>\n\t\t\t\t<a data-elementor-open-lightbox=\"yes\" data-elementor-lightbox-slideshow=\"8ca9669\" data-elementor-lightbox-title=\"CIRCARTE 2021 - Foto ManoMC - _8016504\" data-e-action-hash=\"#elementor-action%3Aaction%3Dlightbox%26settings%3DeyJpZCI6NzM0MSwidXJsIjoiaHR0cHM6XC9cL2JvdHByb2plY3QuY2F0XC93cC1jb250ZW50XC91cGxvYWRzXC8yMDI1XC8wN1wvQ0lSQ0FSVEUtMjAyMS1Gb3RvLU1hbm9NQy1fODAxNjUwNC5qcGciLCJzbGlkZXNob3ciOiI4Y2E5NjY5In0%3D\" href='https:\/\/botproject.cat\/wp-content\/uploads\/2025\/07\/CIRCARTE-2021-Foto-ManoMC-_8016504.jpg'><img loading=\"lazy\" decoding=\"async\" width=\"370\" height=\"208\" src=\"https:\/\/botproject.cat\/wp-content\/uploads\/2025\/07\/CIRCARTE-2021-Foto-ManoMC-_8016504-370x208.jpg\" class=\"attachment-quanzo-thumb-med size-quanzo-thumb-med\" alt=\"\" srcset=\"https:\/\/botproject.cat\/wp-content\/uploads\/2025\/07\/CIRCARTE-2021-Foto-ManoMC-_8016504-370x208.jpg 370w, https:\/\/botproject.cat\/wp-content\/uploads\/2025\/07\/CIRCARTE-2021-Foto-ManoMC-_8016504-1170x658.jpg 1170w, https:\/\/botproject.cat\/wp-content\/uploads\/2025\/07\/CIRCARTE-2021-Foto-ManoMC-_8016504-750x422.jpg 750w, https:\/\/botproject.cat\/wp-content\/uploads\/2025\/07\/CIRCARTE-2021-Foto-ManoMC-_8016504-270x152.jpg 270w\" sizes=\"(max-width: 370px) 100vw, 370px\" \/><\/a>\n\t\t\t<\/div><\/figure><figure class='gallery-item'>\n\t\t\t<div class='gallery-icon landscape'>\n\t\t\t\t<a data-elementor-open-lightbox=\"yes\" data-elementor-lightbox-slideshow=\"8ca9669\" data-elementor-lightbox-title=\"CIRCARTE 2021 - Foto ManoMC - _8016515\" data-e-action-hash=\"#elementor-action%3Aaction%3Dlightbox%26settings%3DeyJpZCI6NzM0MiwidXJsIjoiaHR0cHM6XC9cL2JvdHByb2plY3QuY2F0XC93cC1jb250ZW50XC91cGxvYWRzXC8yMDI1XC8wN1wvQ0lSQ0FSVEUtMjAyMS1Gb3RvLU1hbm9NQy1fODAxNjUxNS5qcGciLCJzbGlkZXNob3ciOiI4Y2E5NjY5In0%3D\" href='https:\/\/botproject.cat\/wp-content\/uploads\/2025\/07\/CIRCARTE-2021-Foto-ManoMC-_8016515.jpg'><img loading=\"lazy\" decoding=\"async\" width=\"370\" height=\"208\" src=\"https:\/\/botproject.cat\/wp-content\/uploads\/2025\/07\/CIRCARTE-2021-Foto-ManoMC-_8016515-370x208.jpg\" class=\"attachment-quanzo-thumb-med size-quanzo-thumb-med\" alt=\"\" srcset=\"https:\/\/botproject.cat\/wp-content\/uploads\/2025\/07\/CIRCARTE-2021-Foto-ManoMC-_8016515-370x208.jpg 370w, https:\/\/botproject.cat\/wp-content\/uploads\/2025\/07\/CIRCARTE-2021-Foto-ManoMC-_8016515-1170x658.jpg 1170w, https:\/\/botproject.cat\/wp-content\/uploads\/2025\/07\/CIRCARTE-2021-Foto-ManoMC-_8016515-750x422.jpg 750w, https:\/\/botproject.cat\/wp-content\/uploads\/2025\/07\/CIRCARTE-2021-Foto-ManoMC-_8016515-270x152.jpg 270w\" sizes=\"(max-width: 370px) 100vw, 370px\" \/><\/a>\n\t\t\t<\/div><\/figure>\n\t\t<\/div>\n\t\t<\/div>\n\t\t\t\t\t\t<\/div>\n\t\t\t\t<\/div>\n\t\t\t\t\t<\/div>\n\t\t<\/div>\n\t\t\t\t\t<\/div>\n\t\t<\/section>\n\t\t\t\t<\/div>","protected":false},"excerpt":{"rendered":"<p>Dossier ValFitxa T\u00e8c Val Dossier CastFicha T\u00e9c Cast Show Dossier Technical Sheet Sinopsis Rec.On(strucci\u00f3) ofereix una al\u00b7legoria de les crisis de la&hellip;<\/p>","protected":false},"author":1,"featured_media":0,"parent":272,"menu_order":0,"comment_status":"closed","ping_status":"closed","template":"","meta":{"footnotes":""},"class_list":["post-7320","page","type-page","status-publish","hentry"],"_links":{"self":[{"href":"https:\/\/botproject.cat\/es\/wp-json\/wp\/v2\/pages\/7320","targetHints":{"allow":["GET"]}}],"collection":[{"href":"https:\/\/botproject.cat\/es\/wp-json\/wp\/v2\/pages"}],"about":[{"href":"https:\/\/botproject.cat\/es\/wp-json\/wp\/v2\/types\/page"}],"author":[{"embeddable":true,"href":"https:\/\/botproject.cat\/es\/wp-json\/wp\/v2\/users\/1"}],"replies":[{"embeddable":true,"href":"https:\/\/botproject.cat\/es\/wp-json\/wp\/v2\/comments?post=7320"}],"version-history":[{"count":31,"href":"https:\/\/botproject.cat\/es\/wp-json\/wp\/v2\/pages\/7320\/revisions"}],"predecessor-version":[{"id":8092,"href":"https:\/\/botproject.cat\/es\/wp-json\/wp\/v2\/pages\/7320\/revisions\/8092"}],"up":[{"embeddable":true,"href":"https:\/\/botproject.cat\/es\/wp-json\/wp\/v2\/pages\/272"}],"wp:attachment":[{"href":"https:\/\/botproject.cat\/es\/wp-json\/wp\/v2\/media?parent=7320"}],"curies":[{"name":"wp","href":"https:\/\/api.w.org\/{rel}","templated":true}]}}