{"id":279,"date":"2019-04-10T15:17:25","date_gmt":"2019-04-10T15:17:25","guid":{"rendered":"https:\/\/botproject.cat\/?page_id=279"},"modified":"2025-09-23T07:21:26","modified_gmt":"2025-09-23T05:21:26","slug":"contacte-2","status":"publish","type":"page","link":"https:\/\/botproject.cat\/es\/contacte-2\/","title":{"rendered":"Sobre nosotros"},"content":{"rendered":"<div data-elementor-type=\"wp-post\" data-elementor-id=\"279\" class=\"elementor elementor-279\">\n\t\t\t\t\t\t<section class=\"elementor-section elementor-top-section elementor-element elementor-element-3fbd7623 elementor-section-stretched elementor-section-boxed elementor-section-height-default elementor-section-height-default wpr-particle-no wpr-jarallax-no wpr-parallax-no wpr-sticky-section-no\" data-id=\"3fbd7623\" data-element_type=\"section\" data-e-type=\"section\" data-settings=\"{&quot;background_background&quot;:&quot;classic&quot;,&quot;stretch_section&quot;:&quot;section-stretched&quot;}\">\n\t\t\t\t\t\t<div class=\"elementor-container elementor-column-gap-extended\">\n\t\t\t\t\t<div class=\"elementor-column elementor-col-100 elementor-top-column elementor-element elementor-element-42cbb1f3 sc_inner_width_none sc_content_align_inherit sc_layouts_column_icons_position_left\" data-id=\"42cbb1f3\" data-element_type=\"column\" data-e-type=\"column\">\n\t\t\t<div class=\"elementor-widget-wrap elementor-element-populated\">\n\t\t\t\t\t\t<div class=\"elementor-element elementor-element-4abd0bb6 sc_height_huge animation_type_block sc_fly_static elementor-widget elementor-widget-spacer\" data-id=\"4abd0bb6\" data-element_type=\"widget\" data-e-type=\"widget\" data-widget_type=\"spacer.default\">\n\t\t\t\t<div class=\"elementor-widget-container\">\n\t\t\t\t\t\t\t<div class=\"elementor-spacer\">\n\t\t\t<div class=\"elementor-spacer-inner\"><\/div>\n\t\t<\/div>\n\t\t\t\t\t\t<\/div>\n\t\t\t\t<\/div>\n\t\t\t\t<section class=\"elementor-section elementor-inner-section elementor-element elementor-element-10768901 elementor-section-content-middle hide_bg_image_on_mobile elementor-reverse-tablet elementor-reverse-mobile elementor-section-boxed elementor-section-height-default elementor-section-height-default wpr-particle-no wpr-jarallax-no wpr-parallax-no wpr-sticky-section-no\" data-id=\"10768901\" data-element_type=\"section\" data-e-type=\"section\" data-settings=\"{&quot;background_background&quot;:&quot;classic&quot;}\">\n\t\t\t\t\t\t<div class=\"elementor-container elementor-column-gap-wide\">\n\t\t\t\t\t<div class=\"elementor-column elementor-col-50 elementor-inner-column elementor-element elementor-element-6877d9d sc_inner_width_none sc_content_align_inherit sc_layouts_column_icons_position_left elementor-invisible\" data-id=\"6877d9d\" data-element_type=\"column\" data-e-type=\"column\" data-settings=\"{&quot;animation&quot;:&quot;fadeInLeft&quot;,&quot;animation_delay&quot;:200}\">\n\t\t\t<div class=\"elementor-widget-wrap elementor-element-populated\">\n\t\t\t\t\t\t<div class=\"elementor-element elementor-element-dbacad8 animation_type_block sc_fly_static elementor-widget elementor-widget-trx_sc_title\" data-id=\"dbacad8\" data-element_type=\"widget\" data-e-type=\"widget\" data-widget_type=\"trx_sc_title.default\">\n\t\t\t\t<div class=\"elementor-widget-container\">\n\t\t\t\t\t<div id=\"trx_sc_title_255118393\"\r\n\t\tclass=\"sc_title color_style_dark sc_title_decoration\"><span class=\"sc_item_subtitle sc_title_subtitle sc_item_subtitle_above sc_item_title_style_decoration\">Compa\u00f1\u00eda de circo<\/span><h2 class=\"sc_item_title sc_title_title sc_item_title_style_decoration sc_item_title_tag\"><span class=\"sc_item_title_text\">BotProject<\/span><\/h2><\/div><!-- \/.sc_title -->\t\t\t\t<\/div>\n\t\t\t\t<\/div>\n\t\t\t\t<div class=\"elementor-element elementor-element-18789740 sc_height_small animation_type_block sc_fly_static elementor-widget elementor-widget-spacer\" data-id=\"18789740\" data-element_type=\"widget\" data-e-type=\"widget\" data-widget_type=\"spacer.default\">\n\t\t\t\t<div class=\"elementor-widget-container\">\n\t\t\t\t\t\t\t<div class=\"elementor-spacer\">\n\t\t\t<div class=\"elementor-spacer-inner\"><\/div>\n\t\t<\/div>\n\t\t\t\t\t\t<\/div>\n\t\t\t\t<\/div>\n\t\t\t\t<div class=\"elementor-element elementor-element-31f8f8aa elementor-widget__width-initial animation_type_block sc_fly_static elementor-widget elementor-widget-text-editor\" data-id=\"31f8f8aa\" data-element_type=\"widget\" data-e-type=\"widget\" data-widget_type=\"text-editor.default\">\n\t\t\t\t<div class=\"elementor-widget-container\">\n\t\t\t\t\t\t\t\t\t<p>La compa\u00f1\u00eda BotProject fue fundada en Catalu\u00f1a el 2007 por \u00c0ngel De Miguel y Lucas Ruiz, quienes combinaron sus habilidades acrob\u00e1ticas e interpretativas para crear un n\u00famero de trampol\u00edn en la muestra de la Asociaci\u00f3n de Circo Rogelio Rivel para las fiestas de la Merc\u00e8 2007 de Barcelona.<\/p><p>A la vista del \u00e9xito obtenido, decidieron unir fuerzas y crear una compa\u00f1\u00eda de circo especializada en trampol\u00edn y acrobacias.<\/p>\t\t\t\t\t\t\t\t<\/div>\n\t\t\t\t<\/div>\n\t\t\t\t<div class=\"elementor-element elementor-element-e363626 sc_height_medium animation_type_block sc_fly_static elementor-widget elementor-widget-spacer\" data-id=\"e363626\" data-element_type=\"widget\" data-e-type=\"widget\" data-widget_type=\"spacer.default\">\n\t\t\t\t<div class=\"elementor-widget-container\">\n\t\t\t\t\t\t\t<div class=\"elementor-spacer\">\n\t\t\t<div class=\"elementor-spacer-inner\"><\/div>\n\t\t<\/div>\n\t\t\t\t\t\t<\/div>\n\t\t\t\t<\/div>\n\t\t\t\t\t<\/div>\n\t\t<\/div>\n\t\t\t\t<div class=\"elementor-column elementor-col-50 elementor-inner-column elementor-element elementor-element-7387608f hide_bg_image_on_mobile sc_inner_width_none sc_content_align_inherit sc_layouts_column_icons_position_left elementor-invisible\" data-id=\"7387608f\" data-element_type=\"column\" data-e-type=\"column\" data-settings=\"{&quot;background_background&quot;:&quot;classic&quot;,&quot;animation&quot;:&quot;fadeInRight&quot;,&quot;animation_delay&quot;:200}\">\n\t\t\t<div class=\"elementor-widget-wrap elementor-element-populated\">\n\t\t\t\t\t\t<div class=\"elementor-element elementor-element-7325fc8c animation_type_block sc_fly_static elementor-widget elementor-widget-spacer\" data-id=\"7325fc8c\" data-element_type=\"widget\" data-e-type=\"widget\" data-widget_type=\"spacer.default\">\n\t\t\t\t<div class=\"elementor-widget-container\">\n\t\t\t\t\t\t\t<div class=\"elementor-spacer\">\n\t\t\t<div class=\"elementor-spacer-inner\"><\/div>\n\t\t<\/div>\n\t\t\t\t\t\t<\/div>\n\t\t\t\t<\/div>\n\t\t\t\t\t<\/div>\n\t\t<\/div>\n\t\t\t\t\t<\/div>\n\t\t<\/section>\n\t\t\t\t<div class=\"elementor-element elementor-element-3eaf6b22 sc_height_huge animation_type_block sc_fly_static elementor-widget elementor-widget-spacer\" data-id=\"3eaf6b22\" data-element_type=\"widget\" data-e-type=\"widget\" data-widget_type=\"spacer.default\">\n\t\t\t\t<div class=\"elementor-widget-container\">\n\t\t\t\t\t\t\t<div class=\"elementor-spacer\">\n\t\t\t<div class=\"elementor-spacer-inner\"><\/div>\n\t\t<\/div>\n\t\t\t\t\t\t<\/div>\n\t\t\t\t<\/div>\n\t\t\t\t\t<\/div>\n\t\t<\/div>\n\t\t\t\t\t<\/div>\n\t\t<\/section>\n\t\t\t\t<section class=\"elementor-section elementor-top-section elementor-element elementor-element-632815d elementor-section-boxed elementor-section-height-default elementor-section-height-default wpr-particle-no wpr-jarallax-no wpr-parallax-no wpr-sticky-section-no\" data-id=\"632815d\" data-element_type=\"section\" data-e-type=\"section\">\n\t\t\t\t\t\t<div class=\"elementor-container elementor-column-gap-extended\">\n\t\t\t\t\t<div class=\"elementor-column elementor-col-66 elementor-top-column elementor-element elementor-element-a46e7b5 sc_inner_width_none sc_content_align_inherit sc_layouts_column_icons_position_left\" data-id=\"a46e7b5\" data-element_type=\"column\" data-e-type=\"column\">\n\t\t\t<div class=\"elementor-widget-wrap elementor-element-populated\">\n\t\t\t\t\t\t<div class=\"elementor-element elementor-element-1e6e49d animation_type_block sc_fly_static elementor-widget elementor-widget-image\" data-id=\"1e6e49d\" data-element_type=\"widget\" data-e-type=\"widget\" data-widget_type=\"image.default\">\n\t\t\t\t<div class=\"elementor-widget-container\">\n\t\t\t\t\t\t\t\t\t\t\t\t\t\t\t<img fetchpriority=\"high\" decoding=\"async\" width=\"1024\" height=\"682\" src=\"https:\/\/botproject.cat\/wp-content\/uploads\/2025\/07\/ddf658_40b1ecd55aa3430cbbeeea4378c02dbd-1024x682.jpg\" class=\"attachment-large size-large wp-image-7190\" alt=\"\" srcset=\"https:\/\/botproject.cat\/wp-content\/uploads\/2025\/07\/ddf658_40b1ecd55aa3430cbbeeea4378c02dbd-1024x682.jpg 1024w, https:\/\/botproject.cat\/wp-content\/uploads\/2025\/07\/ddf658_40b1ecd55aa3430cbbeeea4378c02dbd-300x200.jpg 300w, https:\/\/botproject.cat\/wp-content\/uploads\/2025\/07\/ddf658_40b1ecd55aa3430cbbeeea4378c02dbd-768x512.jpg 768w, https:\/\/botproject.cat\/wp-content\/uploads\/2025\/07\/ddf658_40b1ecd55aa3430cbbeeea4378c02dbd-370x247.jpg 370w, https:\/\/botproject.cat\/wp-content\/uploads\/2025\/07\/ddf658_40b1ecd55aa3430cbbeeea4378c02dbd-750x500.jpg 750w, https:\/\/botproject.cat\/wp-content\/uploads\/2025\/07\/ddf658_40b1ecd55aa3430cbbeeea4378c02dbd.jpg 1064w\" sizes=\"(max-width: 1024px) 100vw, 1024px\" \/>\t\t\t\t\t\t\t\t\t\t\t\t\t\t\t<\/div>\n\t\t\t\t<\/div>\n\t\t\t\t\t<\/div>\n\t\t<\/div>\n\t\t\t\t<div class=\"elementor-column elementor-col-33 elementor-top-column elementor-element elementor-element-9445321 sc_inner_width_none sc_content_align_inherit sc_layouts_column_icons_position_left\" data-id=\"9445321\" data-element_type=\"column\" data-e-type=\"column\">\n\t\t\t<div class=\"elementor-widget-wrap elementor-element-populated\">\n\t\t\t\t\t\t<div class=\"elementor-element elementor-element-240df00 animation_type_block sc_fly_static elementor-widget elementor-widget-text-editor\" data-id=\"240df00\" data-element_type=\"widget\" data-e-type=\"widget\" data-widget_type=\"text-editor.default\">\n\t\t\t\t<div class=\"elementor-widget-container\">\n\t\t\t\t\t\t\t\t\t<p>Durante sus primeros a\u00f1os, BotProject se centr\u00f3 en la creaci\u00f3n y perfeccionamiento de su propio estilo, combinando diversas t\u00e9cnicas circenses con el trampol\u00edn como eje principal, a las que a\u00f1adieron elementos de teatro f\u00edsico, humor gestual, manipulaci\u00f3n de objetos y coreograf\u00edas del movimiento.<\/p><p>Esto les permiti\u00f3 desarrollar un repertorio original y din\u00e1mico que les ha llevado a recibir el reconocimiento con el premio del p\u00fablico del festival de Villanueva de La Serena o la nominaci\u00f3n al mejor espect\u00e1culo callejero de los premios Zircoica.<\/p>\t\t\t\t\t\t\t\t<\/div>\n\t\t\t\t<\/div>\n\t\t\t\t\t<\/div>\n\t\t<\/div>\n\t\t\t\t\t<\/div>\n\t\t<\/section>\n\t\t\t\t<section class=\"elementor-section elementor-top-section elementor-element elementor-element-31b3e0c elementor-section-stretched elementor-reverse-mobile elementor-section-boxed elementor-section-height-default elementor-section-height-default wpr-particle-no wpr-jarallax-no wpr-parallax-no wpr-sticky-section-no\" data-id=\"31b3e0c\" data-element_type=\"section\" data-e-type=\"section\" data-settings=\"{&quot;background_background&quot;:&quot;classic&quot;,&quot;stretch_section&quot;:&quot;section-stretched&quot;}\">\n\t\t\t\t\t\t<div class=\"elementor-container elementor-column-gap-extended\">\n\t\t\t\t\t<div class=\"elementor-column elementor-col-100 elementor-top-column elementor-element elementor-element-2f74455 sc_inner_width_none sc_content_align_inherit sc_layouts_column_icons_position_left\" data-id=\"2f74455\" data-element_type=\"column\" data-e-type=\"column\">\n\t\t\t<div class=\"elementor-widget-wrap elementor-element-populated\">\n\t\t\t\t\t\t<div class=\"elementor-element elementor-element-a0b5e57 sc_height_huge animation_type_block sc_fly_static elementor-widget elementor-widget-spacer\" data-id=\"a0b5e57\" data-element_type=\"widget\" data-e-type=\"widget\" data-widget_type=\"spacer.default\">\n\t\t\t\t<div class=\"elementor-widget-container\">\n\t\t\t\t\t\t\t<div class=\"elementor-spacer\">\n\t\t\t<div class=\"elementor-spacer-inner\"><\/div>\n\t\t<\/div>\n\t\t\t\t\t\t<\/div>\n\t\t\t\t<\/div>\n\t\t\t\t<section class=\"elementor-section elementor-inner-section elementor-element elementor-element-1b7bf72 elementor-section-content-middle hide_bg_image_on_mobile elementor-reverse-tablet elementor-reverse-mobile elementor-section-boxed elementor-section-height-default elementor-section-height-default wpr-particle-no wpr-jarallax-no wpr-parallax-no wpr-sticky-section-no\" data-id=\"1b7bf72\" data-element_type=\"section\" data-e-type=\"section\" data-settings=\"{&quot;background_background&quot;:&quot;classic&quot;}\">\n\t\t\t\t\t\t<div class=\"elementor-container elementor-column-gap-wide\">\n\t\t\t\t\t<div class=\"elementor-column elementor-col-50 elementor-inner-column elementor-element elementor-element-3a50030 sc_inner_width_none sc_content_align_inherit sc_layouts_column_icons_position_left elementor-invisible\" data-id=\"3a50030\" data-element_type=\"column\" data-e-type=\"column\" data-settings=\"{&quot;animation&quot;:&quot;fadeInLeft&quot;,&quot;animation_delay&quot;:200}\">\n\t\t\t<div class=\"elementor-widget-wrap elementor-element-populated\">\n\t\t\t\t\t\t<div class=\"elementor-element elementor-element-d032938 animation_type_block sc_fly_static elementor-widget elementor-widget-text-editor\" data-id=\"d032938\" data-element_type=\"widget\" data-e-type=\"widget\" data-widget_type=\"text-editor.default\">\n\t\t\t\t<div class=\"elementor-widget-container\">\n\t\t\t\t\t\t\t\t\t<p>A partir de 2010, BotProject empez\u00f3 a expandir su actividad a nivel internacional, realizando giras por varios pa\u00edses como Francia, Alemania, Portugal, Italia, Inglaterra, Irlanda, Luxemburgo, B\u00e9lgica, Holanda, Lituania o Andorra, entre otros. En cada lugar en el que han actuado, la compa\u00f1\u00eda ha conseguido conectar con el p\u00fablico y transmitir su amor y pasi\u00f3n por el circo contempor\u00e1neo.<\/p>\n<p>El 2014, la companyia es va traslladar a Alcoi (Alacant) i la gesti\u00f3 va quedar en mans de Lucas Ruiz. Igualment, BotProject ha continuat treballant en la creaci\u00f3 i presentaci\u00f3 de nous espectacles i projectes, mantenint el seu comprom\u00eds amb la innovaci\u00f3, la qualitat art\u00edstica i la difusi\u00f3 de la cultura del circ contemporani arreu del m\u00f3n.&nbsp;<\/p>\t\t\t\t\t\t\t\t<\/div>\n\t\t\t\t<\/div>\n\t\t\t\t<div class=\"elementor-element elementor-element-def51a9 sc_height_medium animation_type_block sc_fly_static elementor-widget elementor-widget-spacer\" data-id=\"def51a9\" data-element_type=\"widget\" data-e-type=\"widget\" data-widget_type=\"spacer.default\">\n\t\t\t\t<div class=\"elementor-widget-container\">\n\t\t\t\t\t\t\t<div class=\"elementor-spacer\">\n\t\t\t<div class=\"elementor-spacer-inner\"><\/div>\n\t\t<\/div>\n\t\t\t\t\t\t<\/div>\n\t\t\t\t<\/div>\n\t\t\t\t\t<\/div>\n\t\t<\/div>\n\t\t\t\t<div class=\"elementor-column elementor-col-50 elementor-inner-column elementor-element elementor-element-9555713 hide_bg_image_on_mobile sc_inner_width_none sc_content_align_inherit sc_layouts_column_icons_position_left elementor-invisible\" data-id=\"9555713\" data-element_type=\"column\" data-e-type=\"column\" data-settings=\"{&quot;background_background&quot;:&quot;classic&quot;,&quot;animation&quot;:&quot;fadeInRight&quot;,&quot;animation_delay&quot;:200}\">\n\t\t\t<div class=\"elementor-widget-wrap elementor-element-populated\">\n\t\t\t\t\t\t<div class=\"elementor-element elementor-element-87ee319 animation_type_block sc_fly_static elementor-widget elementor-widget-spacer\" data-id=\"87ee319\" data-element_type=\"widget\" data-e-type=\"widget\" data-widget_type=\"spacer.default\">\n\t\t\t\t<div class=\"elementor-widget-container\">\n\t\t\t\t\t\t\t<div class=\"elementor-spacer\">\n\t\t\t<div class=\"elementor-spacer-inner\"><\/div>\n\t\t<\/div>\n\t\t\t\t\t\t<\/div>\n\t\t\t\t<\/div>\n\t\t\t\t\t<\/div>\n\t\t<\/div>\n\t\t\t\t\t<\/div>\n\t\t<\/section>\n\t\t\t\t<div class=\"elementor-element elementor-element-c1ad3ba sc_height_huge animation_type_block sc_fly_static elementor-widget elementor-widget-spacer\" data-id=\"c1ad3ba\" data-element_type=\"widget\" data-e-type=\"widget\" data-widget_type=\"spacer.default\">\n\t\t\t\t<div class=\"elementor-widget-container\">\n\t\t\t\t\t\t\t<div class=\"elementor-spacer\">\n\t\t\t<div class=\"elementor-spacer-inner\"><\/div>\n\t\t<\/div>\n\t\t\t\t\t\t<\/div>\n\t\t\t\t<\/div>\n\t\t\t\t\t<\/div>\n\t\t<\/div>\n\t\t\t\t\t<\/div>\n\t\t<\/section>\n\t\t\t\t<section class=\"elementor-section elementor-top-section elementor-element elementor-element-49c9320 elementor-section-full_width elementor-section-stretched elementor-section-height-default elementor-section-height-default wpr-particle-no wpr-jarallax-no wpr-parallax-no wpr-sticky-section-no\" data-id=\"49c9320\" data-element_type=\"section\" data-e-type=\"section\" data-settings=\"{&quot;stretch_section&quot;:&quot;section-stretched&quot;}\">\n\t\t\t\t\t\t<div class=\"elementor-container elementor-column-gap-extended\">\n\t\t\t\t\t<div class=\"elementor-column elementor-col-25 elementor-top-column elementor-element elementor-element-6cb0d30 sc_inner_width_none sc_content_align_inherit sc_layouts_column_icons_position_left\" data-id=\"6cb0d30\" data-element_type=\"column\" data-e-type=\"column\" data-settings=\"{&quot;background_background&quot;:&quot;classic&quot;}\">\n\t\t\t<div class=\"elementor-widget-wrap elementor-element-populated\">\n\t\t\t\t\t\t<div class=\"elementor-element elementor-element-4910101 animation_type_block sc_fly_static elementor-widget elementor-widget-image\" data-id=\"4910101\" data-element_type=\"widget\" data-e-type=\"widget\" data-widget_type=\"image.default\">\n\t\t\t\t<div class=\"elementor-widget-container\">\n\t\t\t\t\t\t\t\t\t\t\t\t\t\t\t<img decoding=\"async\" src=\"https:\/\/botproject.cat\/wp-content\/uploads\/elementor\/thumbs\/ddf658_f80fb7487e284ca19823b4be9978d7ff-r8sk5gzt9udi9ox0fcjxikogowg0urjiix9dk474w8.jpg\" title=\"ddf658_f80fb7487e284ca19823b4be9978d7ff\" alt=\"ddf658_f80fb7487e284ca19823b4be9978d7ff\" loading=\"lazy\" \/>\t\t\t\t\t\t\t\t\t\t\t\t\t\t\t<\/div>\n\t\t\t\t<\/div>\n\t\t\t\t\t<\/div>\n\t\t<\/div>\n\t\t\t\t<div class=\"elementor-column elementor-col-25 elementor-top-column elementor-element elementor-element-4780d8a sc_inner_width_none sc_content_align_inherit sc_layouts_column_icons_position_left\" data-id=\"4780d8a\" data-element_type=\"column\" data-e-type=\"column\">\n\t\t\t<div class=\"elementor-widget-wrap elementor-element-populated\">\n\t\t\t\t\t\t<div class=\"elementor-element elementor-element-50654e9 animation_type_block sc_fly_static elementor-widget elementor-widget-image\" data-id=\"50654e9\" data-element_type=\"widget\" data-e-type=\"widget\" data-widget_type=\"image.default\">\n\t\t\t\t<div class=\"elementor-widget-container\">\n\t\t\t\t\t\t\t\t\t\t\t\t\t\t\t<img decoding=\"async\" src=\"https:\/\/botproject.cat\/wp-content\/uploads\/elementor\/thumbs\/WhatsApp-Image-2025-07-02-at-20.17.06-1-copia-scaled-ra6qicel1lzz2uunhfpuxrje6leqydnp5yj50t8o08.jpg\" title=\"WhatsApp Image 2025-07-02 at 20.17.06 (1) copia\" alt=\"WhatsApp Image 2025-07-02 at 20.17.06 (1) copia\" loading=\"lazy\" \/>\t\t\t\t\t\t\t\t\t\t\t\t\t\t\t<\/div>\n\t\t\t\t<\/div>\n\t\t\t\t\t<\/div>\n\t\t<\/div>\n\t\t\t\t<div class=\"elementor-column elementor-col-25 elementor-top-column elementor-element elementor-element-1c39760 sc_inner_width_none sc_content_align_inherit sc_layouts_column_icons_position_left\" data-id=\"1c39760\" data-element_type=\"column\" data-e-type=\"column\">\n\t\t\t<div class=\"elementor-widget-wrap elementor-element-populated\">\n\t\t\t\t\t\t<div class=\"elementor-element elementor-element-29d929a animation_type_block sc_fly_static elementor-widget elementor-widget-image\" data-id=\"29d929a\" data-element_type=\"widget\" data-e-type=\"widget\" data-widget_type=\"image.default\">\n\t\t\t\t<div class=\"elementor-widget-container\">\n\t\t\t\t\t\t\t\t\t\t\t\t\t\t\t<img decoding=\"async\" src=\"https:\/\/botproject.cat\/wp-content\/uploads\/elementor\/thumbs\/S3A9118-scaled-r8shw9pqv37raev8l8y742cx8kohw36ap0db1klifc.jpg\" title=\"_S3A9118\" alt=\"_S3A9118\" loading=\"lazy\" \/>\t\t\t\t\t\t\t\t\t\t\t\t\t\t\t<\/div>\n\t\t\t\t<\/div>\n\t\t\t\t\t<\/div>\n\t\t<\/div>\n\t\t\t\t<div class=\"elementor-column elementor-col-25 elementor-top-column elementor-element elementor-element-1539fb6 sc_inner_width_none sc_content_align_inherit sc_layouts_column_icons_position_left\" data-id=\"1539fb6\" data-element_type=\"column\" data-e-type=\"column\">\n\t\t\t<div class=\"elementor-widget-wrap elementor-element-populated\">\n\t\t\t\t\t\t<div class=\"elementor-element elementor-element-cfb25e5 animation_type_block sc_fly_static elementor-widget elementor-widget-image\" data-id=\"cfb25e5\" data-element_type=\"widget\" data-e-type=\"widget\" data-widget_type=\"image.default\">\n\t\t\t\t<div class=\"elementor-widget-container\">\n\t\t\t\t\t\t\t\t\t\t\t\t\t\t\t<img decoding=\"async\" src=\"https:\/\/botproject.cat\/wp-content\/uploads\/elementor\/thumbs\/ddf658_e09c7e39f68f477985bb50784f6f6f6c-r8sivwrfzy05i53jh5jy5kl43j0iqxnwlev349r4i0.jpg\" title=\"ddf658_e09c7e39f68f477985bb50784f6f6f6c\" alt=\"ddf658_e09c7e39f68f477985bb50784f6f6f6c\" loading=\"lazy\" \/>\t\t\t\t\t\t\t\t\t\t\t\t\t\t\t<\/div>\n\t\t\t\t<\/div>\n\t\t\t\t\t<\/div>\n\t\t<\/div>\n\t\t\t\t\t<\/div>\n\t\t<\/section>\n\t\t\t\t<section class=\"elementor-section elementor-top-section elementor-element elementor-element-ee92f77 elementor-section-full_width elementor-section-stretched elementor-section-height-default elementor-section-height-default wpr-particle-no wpr-jarallax-no wpr-parallax-no wpr-sticky-section-no\" data-id=\"ee92f77\" data-element_type=\"section\" data-e-type=\"section\" data-settings=\"{&quot;stretch_section&quot;:&quot;section-stretched&quot;}\">\n\t\t\t\t\t\t<div class=\"elementor-container elementor-column-gap-extended\">\n\t\t\t\t\t<div class=\"elementor-column elementor-col-25 elementor-top-column elementor-element elementor-element-4ea2081 sc_inner_width_none sc_content_align_inherit sc_layouts_column_icons_position_left\" data-id=\"4ea2081\" data-element_type=\"column\" data-e-type=\"column\" data-settings=\"{&quot;background_background&quot;:&quot;classic&quot;}\">\n\t\t\t<div class=\"elementor-widget-wrap elementor-element-populated\">\n\t\t\t\t\t\t<div class=\"elementor-element elementor-element-d49aace animation_type_block sc_fly_static elementor-widget elementor-widget-image\" data-id=\"d49aace\" data-element_type=\"widget\" data-e-type=\"widget\" data-widget_type=\"image.default\">\n\t\t\t\t<div class=\"elementor-widget-container\">\n\t\t\t\t\t\t\t\t\t\t\t\t\t\t\t<img decoding=\"async\" src=\"https:\/\/botproject.cat\/wp-content\/uploads\/elementor\/thumbs\/CIRCARTE-2021-Foto-ManoMC-_8016504-r8shwi6akljc6wiy7ulu8i82l1istd3vq68od28yvc.jpg\" title=\"CIRCARTE 2021 &#8211; Foto ManoMC &#8211; _8016504\" alt=\"CIRCARTE 2021 - Foto ManoMC - _8016504\" loading=\"lazy\" \/>\t\t\t\t\t\t\t\t\t\t\t\t\t\t\t<\/div>\n\t\t\t\t<\/div>\n\t\t\t\t\t<\/div>\n\t\t<\/div>\n\t\t\t\t<div class=\"elementor-column elementor-col-25 elementor-top-column elementor-element elementor-element-1852510 sc_inner_width_none sc_content_align_inherit sc_layouts_column_icons_position_left\" data-id=\"1852510\" data-element_type=\"column\" data-e-type=\"column\">\n\t\t\t<div class=\"elementor-widget-wrap elementor-element-populated\">\n\t\t\t\t\t\t<div class=\"elementor-element elementor-element-4ba7490 animation_type_block sc_fly_static elementor-widget elementor-widget-image\" data-id=\"4ba7490\" data-element_type=\"widget\" data-e-type=\"widget\" data-widget_type=\"image.default\">\n\t\t\t\t<div class=\"elementor-widget-container\">\n\t\t\t\t\t\t\t\t\t\t\t\t\t\t\t<img decoding=\"async\" src=\"https:\/\/botproject.cat\/wp-content\/uploads\/elementor\/thumbs\/ddf658_8ef99328e899e76dd89f177109ab80e8-r8siw57zpgbqemr93r7la0g9fzuto7lhmkqgfreky0.jpg\" title=\"ddf658_8ef99328e899e76dd89f177109ab80e8\" alt=\"ddf658_8ef99328e899e76dd89f177109ab80e8\" loading=\"lazy\" \/>\t\t\t\t\t\t\t\t\t\t\t\t\t\t\t<\/div>\n\t\t\t\t<\/div>\n\t\t\t\t\t<\/div>\n\t\t<\/div>\n\t\t\t\t<div class=\"elementor-column elementor-col-25 elementor-top-column elementor-element elementor-element-501eca0 sc_inner_width_none sc_content_align_inherit sc_layouts_column_icons_position_left\" data-id=\"501eca0\" data-element_type=\"column\" data-e-type=\"column\">\n\t\t\t<div class=\"elementor-widget-wrap elementor-element-populated\">\n\t\t\t\t\t\t<div class=\"elementor-element elementor-element-b4b6977 animation_type_block sc_fly_static elementor-widget elementor-widget-image\" data-id=\"b4b6977\" data-element_type=\"widget\" data-e-type=\"widget\" data-widget_type=\"image.default\">\n\t\t\t\t<div class=\"elementor-widget-container\">\n\t\t\t\t\t\t\t\t\t\t\t\t\t\t\t<img decoding=\"async\" src=\"https:\/\/botproject.cat\/wp-content\/uploads\/elementor\/thumbs\/maxresdefault-r8xpyw0p31oli25xxdwgv0u5fr5pct2ckgrjkjqd8o.jpg\" title=\"maxresdefault\" alt=\"maxresdefault\" loading=\"lazy\" \/>\t\t\t\t\t\t\t\t\t\t\t\t\t\t\t<\/div>\n\t\t\t\t<\/div>\n\t\t\t\t\t<\/div>\n\t\t<\/div>\n\t\t\t\t<div class=\"elementor-column elementor-col-25 elementor-top-column elementor-element elementor-element-1f3db2c sc_inner_width_none sc_content_align_inherit sc_layouts_column_icons_position_left\" data-id=\"1f3db2c\" data-element_type=\"column\" data-e-type=\"column\">\n\t\t\t<div class=\"elementor-widget-wrap elementor-element-populated\">\n\t\t\t\t\t\t<div class=\"elementor-element elementor-element-0abfb78 animation_type_block sc_fly_static elementor-widget elementor-widget-image\" data-id=\"0abfb78\" data-element_type=\"widget\" data-e-type=\"widget\" data-widget_type=\"image.default\">\n\t\t\t\t<div class=\"elementor-widget-container\">\n\t\t\t\t\t\t\t\t\t\t\t\t\t\t\t<img decoding=\"async\" src=\"https:\/\/botproject.cat\/wp-content\/uploads\/elementor\/thumbs\/ddf658_e0b0de02347b472fb6d4fd27cf6521d0mv2-r8lja2sdruiih23suutroa8iw7x2ccp2laxw3fw494.jpg\" title=\"ddf658_e0b0de02347b472fb6d4fd27cf6521d0mv2\" alt=\"ddf658_e0b0de02347b472fb6d4fd27cf6521d0mv2\" loading=\"lazy\" \/>\t\t\t\t\t\t\t\t\t\t\t\t\t\t\t<\/div>\n\t\t\t\t<\/div>\n\t\t\t\t\t<\/div>\n\t\t<\/div>\n\t\t\t\t\t<\/div>\n\t\t<\/section>\n\t\t\t\t<\/div>","protected":false},"excerpt":{"rendered":"<p>Companyia de circ BotProject La companyia BotProject va ser fundada a Catalunya el 2007 per \u00c0ngel De Miguel i Lucas Ruiz, els&hellip;<\/p>","protected":false},"author":1,"featured_media":0,"parent":0,"menu_order":0,"comment_status":"closed","ping_status":"closed","template":"","meta":{"footnotes":""},"class_list":["post-279","page","type-page","status-publish","hentry"],"_links":{"self":[{"href":"https:\/\/botproject.cat\/es\/wp-json\/wp\/v2\/pages\/279","targetHints":{"allow":["GET"]}}],"collection":[{"href":"https:\/\/botproject.cat\/es\/wp-json\/wp\/v2\/pages"}],"about":[{"href":"https:\/\/botproject.cat\/es\/wp-json\/wp\/v2\/types\/page"}],"author":[{"embeddable":true,"href":"https:\/\/botproject.cat\/es\/wp-json\/wp\/v2\/users\/1"}],"replies":[{"embeddable":true,"href":"https:\/\/botproject.cat\/es\/wp-json\/wp\/v2\/comments?post=279"}],"version-history":[{"count":53,"href":"https:\/\/botproject.cat\/es\/wp-json\/wp\/v2\/pages\/279\/revisions"}],"predecessor-version":[{"id":8009,"href":"https:\/\/botproject.cat\/es\/wp-json\/wp\/v2\/pages\/279\/revisions\/8009"}],"wp:attachment":[{"href":"https:\/\/botproject.cat\/es\/wp-json\/wp\/v2\/media?parent=279"}],"curies":[{"name":"wp","href":"https:\/\/api.w.org\/{rel}","templated":true}]}}