{"id":272,"date":"2019-04-10T14:24:39","date_gmt":"2019-04-10T14:24:39","guid":{"rendered":"https:\/\/botproject.cat\/?page_id=272"},"modified":"2025-12-12T08:43:27","modified_gmt":"2025-12-12T07:43:27","slug":"home-6-architect-2","status":"publish","type":"page","link":"https:\/\/botproject.cat\/es\/home-6-architect-2\/","title":{"rendered":"ESPECTACLES"},"content":{"rendered":"<div data-elementor-type=\"wp-post\" data-elementor-id=\"272\" class=\"elementor elementor-272\">\n\t\t\t\t\t\t<section class=\"elementor-section elementor-top-section elementor-element elementor-element-bafc4ae elementor-section-boxed elementor-section-height-default elementor-section-height-default wpr-particle-no wpr-jarallax-no wpr-parallax-no wpr-sticky-section-no\" data-id=\"bafc4ae\" data-element_type=\"section\" data-e-type=\"section\">\n\t\t\t\t\t\t<div class=\"elementor-container elementor-column-gap-extended\">\n\t\t\t\t\t<div class=\"elementor-column elementor-col-100 elementor-top-column elementor-element elementor-element-ad6780f sc_inner_width_none sc_content_align_inherit sc_layouts_column_icons_position_left\" data-id=\"ad6780f\" data-element_type=\"column\" data-e-type=\"column\">\n\t\t\t<div class=\"elementor-widget-wrap elementor-element-populated\">\n\t\t\t\t\t\t<div class=\"elementor-element elementor-element-7ccd08d sc_height_huge animation_type_block sc_fly_static elementor-widget elementor-widget-spacer\" data-id=\"7ccd08d\" data-element_type=\"widget\" data-e-type=\"widget\" data-widget_type=\"spacer.default\">\n\t\t\t\t<div class=\"elementor-widget-container\">\n\t\t\t\t\t\t\t<div class=\"elementor-spacer\">\n\t\t\t<div class=\"elementor-spacer-inner\"><\/div>\n\t\t<\/div>\n\t\t\t\t\t\t<\/div>\n\t\t\t\t<\/div>\n\t\t\t\t\t<\/div>\n\t\t<\/div>\n\t\t\t\t\t<\/div>\n\t\t<\/section>\n\t\t\t\t<section class=\"elementor-section elementor-top-section elementor-element elementor-element-fa45998 elementor-section-boxed elementor-section-height-default elementor-section-height-default wpr-particle-no wpr-jarallax-no wpr-parallax-no wpr-sticky-section-no\" data-id=\"fa45998\" data-element_type=\"section\" data-e-type=\"section\">\n\t\t\t\t\t\t<div class=\"elementor-container elementor-column-gap-wider\">\n\t\t\t\t\t<div class=\"elementor-column elementor-col-50 elementor-top-column elementor-element elementor-element-7cd2d74 sc_inner_width_none sc_content_align_inherit sc_layouts_column_icons_position_left\" data-id=\"7cd2d74\" data-element_type=\"column\" data-e-type=\"column\">\n\t\t\t<div class=\"elementor-widget-wrap elementor-element-populated\">\n\t\t\t\t\t\t<div class=\"elementor-element elementor-element-8bd7b21 animation_type_block sc_fly_static elementor-widget elementor-widget-image\" data-id=\"8bd7b21\" data-element_type=\"widget\" data-e-type=\"widget\" data-widget_type=\"image.default\">\n\t\t\t\t<div class=\"elementor-widget-container\">\n\t\t\t\t\t\t\t\t\t\t\t\t\t\t\t<img fetchpriority=\"high\" decoding=\"async\" width=\"264\" height=\"364\" src=\"https:\/\/botproject.cat\/wp-content\/uploads\/2025\/07\/Captura-de-pantalla-2024-11-15-a-las-6_43_37.jpg\" class=\"attachment-full size-full wp-image-7184\" alt=\"\" srcset=\"https:\/\/botproject.cat\/wp-content\/uploads\/2025\/07\/Captura-de-pantalla-2024-11-15-a-las-6_43_37.jpg 264w, https:\/\/botproject.cat\/wp-content\/uploads\/2025\/07\/Captura-de-pantalla-2024-11-15-a-las-6_43_37-218x300.jpg 218w\" sizes=\"(max-width: 264px) 100vw, 264px\" \/>\t\t\t\t\t\t\t\t\t\t\t\t\t\t\t<\/div>\n\t\t\t\t<\/div>\n\t\t\t\t<div class=\"elementor-element elementor-element-2eb93db animation_type_block sc_fly_static elementor-widget elementor-widget-text-editor\" data-id=\"2eb93db\" data-element_type=\"widget\" data-e-type=\"widget\" data-widget_type=\"text-editor.default\">\n\t\t\t\t<div class=\"elementor-widget-container\">\n\t\t\t\t\t\t\t\t\t<h3>SUBLUNAR<\/h3><p>\"Sublunar\" es un espect\u00e1culo de clown y trampol\u00edn que profundiza en el concepto de alteridad. La historia narra la llegada de un extraterrestre procedente de la luna a la Tierra en una nave construida con los desechos terrestres que han llegado hasta all\u00ed.\u00a0<\/p>\t\t\t\t\t\t\t\t<\/div>\n\t\t\t\t<\/div>\n\t\t\t\t<div class=\"elementor-element elementor-element-318d632 animation_type_block sc_fly_static elementor-widget elementor-widget-trx_sc_button\" data-id=\"318d632\" data-element_type=\"widget\" data-e-type=\"widget\" data-widget_type=\"trx_sc_button.default\">\n\t\t\t\t<div class=\"elementor-widget-container\">\n\t\t\t\t\t<div id=\"trx_sc_button_744983118\"\tclass=\"sc_item_button sc_button_wrap sc_align_center\"><a href=\"https:\/\/botproject.cat\/es\/home-6-architect-2\/contacte\/\" class=\"sc_button sc_button_default sc_button_size_small sc_button_icon_left\"><span class=\"sc_button_text\"><span class=\"sc_button_title\">+ INFO<\/span><\/span><!-- \/.sc_button_text --><\/a><!-- \/.sc_button --><\/div><!-- \/.sc_item_button -->\t\t\t\t<\/div>\n\t\t\t\t<\/div>\n\t\t\t\t\t<\/div>\n\t\t<\/div>\n\t\t\t\t<div class=\"elementor-column elementor-col-25 elementor-top-column elementor-element elementor-element-8e61632 sc_inner_width_none sc_content_align_inherit sc_layouts_column_icons_position_left\" data-id=\"8e61632\" data-element_type=\"column\" data-e-type=\"column\">\n\t\t\t<div class=\"elementor-widget-wrap elementor-element-populated\">\n\t\t\t\t\t\t<div class=\"elementor-element elementor-element-b0ae481 animation_type_block sc_fly_static elementor-widget elementor-widget-image\" data-id=\"b0ae481\" data-element_type=\"widget\" data-e-type=\"widget\" data-widget_type=\"image.default\">\n\t\t\t\t<div class=\"elementor-widget-container\">\n\t\t\t\t\t\t\t\t\t\t\t\t\t\t\t<img decoding=\"async\" width=\"271\" height=\"373\" src=\"https:\/\/botproject.cat\/wp-content\/uploads\/2025\/07\/ddf658_b2a15ced30ec46d8a8784541a5cba916mv2.jpg\" class=\"attachment-full size-full wp-image-7194\" alt=\"\" srcset=\"https:\/\/botproject.cat\/wp-content\/uploads\/2025\/07\/ddf658_b2a15ced30ec46d8a8784541a5cba916mv2.jpg 271w, https:\/\/botproject.cat\/wp-content\/uploads\/2025\/07\/ddf658_b2a15ced30ec46d8a8784541a5cba916mv2-218x300.jpg 218w\" sizes=\"(max-width: 271px) 100vw, 271px\" \/>\t\t\t\t\t\t\t\t\t\t\t\t\t\t\t<\/div>\n\t\t\t\t<\/div>\n\t\t\t\t<div class=\"elementor-element elementor-element-8014c57 animation_type_block sc_fly_static elementor-widget elementor-widget-text-editor\" data-id=\"8014c57\" data-element_type=\"widget\" data-e-type=\"widget\" data-widget_type=\"text-editor.default\">\n\t\t\t\t<div class=\"elementor-widget-container\">\n\t\t\t\t\t\t\t\t\t<h3>REC.ON (strucci\u00f3n)<\/h3><p>Rec.On(strucci\u00f3) ofrece una alegor\u00eda de las crisis de la mediana edad, de la vejez y del estigma social que la rodea, a la vez que desnuda los miedos que acompa\u00f1an el desarrollo de las capacidades del artista.<\/p>\t\t\t\t\t\t\t\t<\/div>\n\t\t\t\t<\/div>\n\t\t\t\t<div class=\"elementor-element elementor-element-42eaece animation_type_block sc_fly_static elementor-widget elementor-widget-trx_sc_button\" data-id=\"42eaece\" data-element_type=\"widget\" data-e-type=\"widget\" data-widget_type=\"trx_sc_button.default\">\n\t\t\t\t<div class=\"elementor-widget-container\">\n\t\t\t\t\t<div id=\"trx_sc_button_2144404962\"\tclass=\"sc_item_button sc_button_wrap sc_align_center\"><a href=\"https:\/\/botproject.cat\/es\/home-6-architect-2\/contacte-2-2\/\" class=\"sc_button sc_button_default sc_button_size_small sc_button_icon_left\"><span class=\"sc_button_text\"><span class=\"sc_button_title\">+ INFO<\/span><\/span><!-- \/.sc_button_text --><\/a><!-- \/.sc_button --><\/div><!-- \/.sc_item_button -->\t\t\t\t<\/div>\n\t\t\t\t<\/div>\n\t\t\t\t\t<\/div>\n\t\t<\/div>\n\t\t\t\t<div class=\"elementor-column elementor-col-25 elementor-top-column elementor-element elementor-element-deb0e03 sc_inner_width_none sc_content_align_inherit sc_layouts_column_icons_position_left\" data-id=\"deb0e03\" data-element_type=\"column\" data-e-type=\"column\">\n\t\t\t<div class=\"elementor-widget-wrap elementor-element-populated\">\n\t\t\t\t\t\t<div class=\"elementor-element elementor-element-b0f0fe5 animation_type_block sc_fly_static elementor-widget elementor-widget-image\" data-id=\"b0f0fe5\" data-element_type=\"widget\" data-e-type=\"widget\" data-widget_type=\"image.default\">\n\t\t\t\t<div class=\"elementor-widget-container\">\n\t\t\t\t\t\t\t\t\t\t\t\t\t\t\t<img decoding=\"async\" width=\"264\" height=\"437\" src=\"https:\/\/botproject.cat\/wp-content\/uploads\/2025\/07\/Cartel-Collage-2024.jpg\" class=\"attachment-full size-full wp-image-7185\" alt=\"\" srcset=\"https:\/\/botproject.cat\/wp-content\/uploads\/2025\/07\/Cartel-Collage-2024.jpg 264w, https:\/\/botproject.cat\/wp-content\/uploads\/2025\/07\/Cartel-Collage-2024-181x300.jpg 181w\" sizes=\"(max-width: 264px) 100vw, 264px\" \/>\t\t\t\t\t\t\t\t\t\t\t\t\t\t\t<\/div>\n\t\t\t\t<\/div>\n\t\t\t\t<div class=\"elementor-element elementor-element-a9c9b98 animation_type_block sc_fly_static elementor-widget elementor-widget-text-editor\" data-id=\"a9c9b98\" data-element_type=\"widget\" data-e-type=\"widget\" data-widget_type=\"text-editor.default\">\n\t\t\t\t<div class=\"elementor-widget-container\">\n\t\t\t\t\t\t\t\t\t<h3>COLLAGE<\/h3><p>Dos hombres suspendidos en el aire se disponen a tirarse a la piscina con la seriedad y la rigidez que marca el guion. En un primer momento, todo sale como estaba previsto.<\/p>\t\t\t\t\t\t\t\t<\/div>\n\t\t\t\t<\/div>\n\t\t\t\t<div class=\"elementor-element elementor-element-1d3b480 animation_type_block sc_fly_static elementor-widget elementor-widget-trx_sc_button\" data-id=\"1d3b480\" data-element_type=\"widget\" data-e-type=\"widget\" data-widget_type=\"trx_sc_button.default\">\n\t\t\t\t<div class=\"elementor-widget-container\">\n\t\t\t\t\t<div id=\"trx_sc_button_1488816712\"\tclass=\"sc_item_button sc_button_wrap sc_align_center\"><a href=\"https:\/\/botproject.cat\/es\/home-6-architect-2\/contacte-2\/\" class=\"sc_button sc_button_default sc_button_size_small sc_button_icon_left\"><span class=\"sc_button_text\"><span class=\"sc_button_title\">+ INFO<\/span><\/span><!-- \/.sc_button_text --><\/a><!-- \/.sc_button --><\/div><!-- \/.sc_item_button -->\t\t\t\t<\/div>\n\t\t\t\t<\/div>\n\t\t\t\t\t<\/div>\n\t\t<\/div>\n\t\t\t\t\t<\/div>\n\t\t<\/section>\n\t\t\t\t<section class=\"elementor-section elementor-top-section elementor-element elementor-element-24481bc elementor-section-boxed elementor-section-height-default elementor-section-height-default wpr-particle-no wpr-jarallax-no wpr-parallax-no wpr-sticky-section-no\" data-id=\"24481bc\" data-element_type=\"section\" data-e-type=\"section\">\n\t\t\t\t\t\t<div class=\"elementor-container elementor-column-gap-wider\">\n\t\t\t\t\t<div class=\"elementor-column elementor-col-50 elementor-top-column elementor-element elementor-element-c547a1a sc_inner_width_none sc_content_align_inherit sc_layouts_column_icons_position_left\" data-id=\"c547a1a\" data-element_type=\"column\" data-e-type=\"column\">\n\t\t\t<div class=\"elementor-widget-wrap elementor-element-populated\">\n\t\t\t\t\t\t<div class=\"elementor-element elementor-element-4e438b5 animation_type_block sc_fly_static elementor-widget elementor-widget-image\" data-id=\"4e438b5\" data-element_type=\"widget\" data-e-type=\"widget\" data-widget_type=\"image.default\">\n\t\t\t\t<div class=\"elementor-widget-container\">\n\t\t\t\t\t\t\t\t\t\t\t\t\t\t\t<img loading=\"lazy\" decoding=\"async\" width=\"238\" height=\"299\" src=\"https:\/\/botproject.cat\/wp-content\/uploads\/2025\/07\/ddf658_1bd12ad1117047a2b86f7541dc5ff89c.jpg\" class=\"attachment-full size-full wp-image-7186\" alt=\"\" \/>\t\t\t\t\t\t\t\t\t\t\t\t\t\t\t<\/div>\n\t\t\t\t<\/div>\n\t\t\t\t<div class=\"elementor-element elementor-element-489c218 animation_type_block sc_fly_static elementor-widget elementor-widget-text-editor\" data-id=\"489c218\" data-element_type=\"widget\" data-e-type=\"widget\" data-widget_type=\"text-editor.default\">\n\t\t\t\t<div class=\"elementor-widget-container\">\n\t\t\t\t\t\t\t\t\t<h3>ESPIRAL DEL DIABLO<\/h3><p>uno de los mayores acr\u00f3batas de todos los tiempos se prepara para repetir una vez m\u00e1s su n\u00famero con la ayuda de su disc\u00edpulo, Longi. Esta vez las cosas ser\u00e1n distintas. Longi le pondr\u00e1 las cosas dif\u00edciles a su maestro porque con el paso del tiempo ha tomado buena nota de qu\u00e9 hacer sobre una cama el\u00e1stica y no quiere perder la oportunidad de demostrarlo.<\/p>\t\t\t\t\t\t\t\t<\/div>\n\t\t\t\t<\/div>\n\t\t\t\t<div class=\"elementor-element elementor-element-f4028be animation_type_block sc_fly_static elementor-widget elementor-widget-trx_sc_button\" data-id=\"f4028be\" data-element_type=\"widget\" data-e-type=\"widget\" data-widget_type=\"trx_sc_button.default\">\n\t\t\t\t<div class=\"elementor-widget-container\">\n\t\t\t\t\t<div id=\"trx_sc_button_1389111880\"\tclass=\"sc_item_button sc_button_wrap sc_align_center\"><a href=\"https:\/\/botproject.cat\/es\/espectacles\/espiral-del-diablo\/\" class=\"sc_button sc_button_default sc_button_size_small sc_button_icon_left\"><span class=\"sc_button_text\"><span class=\"sc_button_title\">+ INFO<\/span><\/span><!-- \/.sc_button_text --><\/a><!-- \/.sc_button --><\/div><!-- \/.sc_item_button -->\t\t\t\t<\/div>\n\t\t\t\t<\/div>\n\t\t\t\t\t<\/div>\n\t\t<\/div>\n\t\t\t\t<div class=\"elementor-column elementor-col-25 elementor-top-column elementor-element elementor-element-40998df sc_inner_width_none sc_content_align_inherit sc_layouts_column_icons_position_left\" data-id=\"40998df\" data-element_type=\"column\" data-e-type=\"column\">\n\t\t\t<div class=\"elementor-widget-wrap elementor-element-populated\">\n\t\t\t\t\t\t<div class=\"elementor-element elementor-element-9814e65 animation_type_block sc_fly_static elementor-widget elementor-widget-image\" data-id=\"9814e65\" data-element_type=\"widget\" data-e-type=\"widget\" data-widget_type=\"image.default\">\n\t\t\t\t<div class=\"elementor-widget-container\">\n\t\t\t\t\t\t\t\t\t\t\t\t\t\t\t<img loading=\"lazy\" decoding=\"async\" width=\"1280\" height=\"720\" src=\"https:\/\/botproject.cat\/wp-content\/uploads\/2025\/07\/maxresdefault.jpg\" class=\"attachment-full size-full wp-image-7463\" alt=\"\" srcset=\"https:\/\/botproject.cat\/wp-content\/uploads\/2025\/07\/maxresdefault.jpg 1280w, https:\/\/botproject.cat\/wp-content\/uploads\/2025\/07\/maxresdefault-300x169.jpg 300w, https:\/\/botproject.cat\/wp-content\/uploads\/2025\/07\/maxresdefault-1024x576.jpg 1024w, https:\/\/botproject.cat\/wp-content\/uploads\/2025\/07\/maxresdefault-768x432.jpg 768w, https:\/\/botproject.cat\/wp-content\/uploads\/2025\/07\/maxresdefault-370x208.jpg 370w, https:\/\/botproject.cat\/wp-content\/uploads\/2025\/07\/maxresdefault-1170x658.jpg 1170w, https:\/\/botproject.cat\/wp-content\/uploads\/2025\/07\/maxresdefault-750x422.jpg 750w, https:\/\/botproject.cat\/wp-content\/uploads\/2025\/07\/maxresdefault-270x152.jpg 270w\" sizes=\"(max-width: 1280px) 100vw, 1280px\" \/>\t\t\t\t\t\t\t\t\t\t\t\t\t\t\t<\/div>\n\t\t\t\t<\/div>\n\t\t\t\t<div class=\"elementor-element elementor-element-97d2289 animation_type_block sc_fly_static elementor-widget elementor-widget-text-editor\" data-id=\"97d2289\" data-element_type=\"widget\" data-e-type=\"widget\" data-widget_type=\"text-editor.default\">\n\t\t\t\t<div class=\"elementor-widget-container\">\n\t\t\t\t\t\t\t\t\t<h3>AMBAR<\/h3><p class=\"font_8 wixui-rich-text__text\"><span class=\"wixui-rich-text__text\"><span class=\"color_36 wixui-rich-text__text\">Nos muestra el camino vivencial de dos inmigrantes de la Valencia rural que encuentran en el mundo del circo su fuente de subsistencia y de sabidur\u00eda interior.<\/span><\/span><\/p><p class=\"font_8 wixui-rich-text__text\"><span class=\"wixui-rich-text__text\"><span class=\"color_36 wixui-rich-text__text\">En el transcurso de su viaje de vida, Paco y Antonio son testigos de la evoluci\u00f3n del mundo del circo. Viven en primera persona la mutaci\u00f3n en la que hoy el circo se ha convertido.<\/span><\/span><\/p>\t\t\t\t\t\t\t\t<\/div>\n\t\t\t\t<\/div>\n\t\t\t\t<div class=\"elementor-element elementor-element-07875c5 animation_type_block sc_fly_static elementor-widget elementor-widget-trx_sc_button\" data-id=\"07875c5\" data-element_type=\"widget\" data-e-type=\"widget\" data-widget_type=\"trx_sc_button.default\">\n\t\t\t\t<div class=\"elementor-widget-container\">\n\t\t\t\t\t<div id=\"trx_sc_button_1622102404\"\tclass=\"sc_item_button sc_button_wrap sc_align_center\"><a href=\"https:\/\/botproject.cat\/es\/espectacles\/ambar\/\" class=\"sc_button sc_button_default sc_button_size_small sc_button_icon_left\"><span class=\"sc_button_text\"><span class=\"sc_button_title\">+ INFO<\/span><\/span><!-- \/.sc_button_text --><\/a><!-- \/.sc_button --><\/div><!-- \/.sc_item_button -->\t\t\t\t<\/div>\n\t\t\t\t<\/div>\n\t\t\t\t\t<\/div>\n\t\t<\/div>\n\t\t\t\t<div class=\"elementor-column elementor-col-25 elementor-top-column elementor-element elementor-element-ebca14e sc_inner_width_none sc_content_align_inherit sc_layouts_column_icons_position_left\" data-id=\"ebca14e\" data-element_type=\"column\" data-e-type=\"column\">\n\t\t\t<div class=\"elementor-widget-wrap\">\n\t\t\t\t\t\t\t<\/div>\n\t\t<\/div>\n\t\t\t\t\t<\/div>\n\t\t<\/section>\n\t\t\t\t<section class=\"elementor-section elementor-top-section elementor-element elementor-element-cc736e0 elementor-section-boxed elementor-section-height-default elementor-section-height-default wpr-particle-no wpr-jarallax-no wpr-parallax-no wpr-sticky-section-no\" data-id=\"cc736e0\" data-element_type=\"section\" data-e-type=\"section\">\n\t\t\t\t\t\t<div class=\"elementor-container elementor-column-gap-extended\">\n\t\t\t\t\t<div class=\"elementor-column elementor-col-100 elementor-top-column elementor-element elementor-element-cce806f sc_inner_width_none sc_content_align_inherit sc_layouts_column_icons_position_left\" data-id=\"cce806f\" data-element_type=\"column\" data-e-type=\"column\">\n\t\t\t<div class=\"elementor-widget-wrap elementor-element-populated\">\n\t\t\t\t\t\t<div class=\"elementor-element elementor-element-a0e4489 animation_type_block sc_fly_static elementor-widget elementor-widget-text-editor\" data-id=\"a0e4489\" data-element_type=\"widget\" data-e-type=\"widget\" data-widget_type=\"text-editor.default\">\n\t\t\t\t<div class=\"elementor-widget-container\">\n\t\t\t\t\t\t\t\t\t<p>Proyecto subvencinados por el<strong>INSTITUT VALENCI\u00c0 DE CULTURA<\/strong> 2025.<\/p>\n<div><b>AJUDES ANUALS A LA GIRA D\u2019ESPECTACLES &#8211; Lucas Ruiz: 12228,09\u20ac<\/b><\/div>\t\t\t\t\t\t\t\t<\/div>\n\t\t\t\t<\/div>\n\t\t\t\t\t<\/div>\n\t\t<\/div>\n\t\t\t\t\t<\/div>\n\t\t<\/section>\n\t\t\t\t<\/div>","protected":false},"excerpt":{"rendered":"<p>SUBLUNAR \u201cSublunar\u201d \u00e9s un espectacle de clown i trampol\u00ed que profunditza en el concepte d\u2019alteritat. La hist\u00f2ria narra l\u2019arribada d\u2019un extraterrestre procedent&hellip;<\/p>","protected":false},"author":1,"featured_media":0,"parent":0,"menu_order":0,"comment_status":"closed","ping_status":"closed","template":"","meta":{"footnotes":""},"class_list":["post-272","page","type-page","status-publish","hentry"],"_links":{"self":[{"href":"https:\/\/botproject.cat\/es\/wp-json\/wp\/v2\/pages\/272","targetHints":{"allow":["GET"]}}],"collection":[{"href":"https:\/\/botproject.cat\/es\/wp-json\/wp\/v2\/pages"}],"about":[{"href":"https:\/\/botproject.cat\/es\/wp-json\/wp\/v2\/types\/page"}],"author":[{"embeddable":true,"href":"https:\/\/botproject.cat\/es\/wp-json\/wp\/v2\/users\/1"}],"replies":[{"embeddable":true,"href":"https:\/\/botproject.cat\/es\/wp-json\/wp\/v2\/comments?post=272"}],"version-history":[{"count":32,"href":"https:\/\/botproject.cat\/es\/wp-json\/wp\/v2\/pages\/272\/revisions"}],"predecessor-version":[{"id":8134,"href":"https:\/\/botproject.cat\/es\/wp-json\/wp\/v2\/pages\/272\/revisions\/8134"}],"wp:attachment":[{"href":"https:\/\/botproject.cat\/es\/wp-json\/wp\/v2\/media?parent=272"}],"curies":[{"name":"wp","href":"https:\/\/api.w.org\/{rel}","templated":true}]}}